{"id":979,"date":"2025-09-18T16:25:46","date_gmt":"2025-09-18T14:25:46","guid":{"rendered":"https:\/\/bbdgroup.be\/assurance\/"},"modified":"2025-12-17T10:54:13","modified_gmt":"2025-12-17T09:54:13","slug":"assurance","status":"publish","type":"page","link":"https:\/\/bbdgroup.be\/fr\/assurance\/","title":{"rendered":"Assurance"},"content":{"rendered":"\t\t<div data-elementor-type=\"wp-page\" data-elementor-id=\"979\" class=\"elementor elementor-979 elementor-377\" data-elementor-post-type=\"page\">\n\t\t\t\t<div class=\"elementor-element elementor-element-ef9911f e-flex e-con-boxed e-con e-parent\" data-id=\"ef9911f\" data-element_type=\"container\" data-e-type=\"container\" data-settings=\"{&quot;background_background&quot;:&quot;classic&quot;}\">\n\t\t\t\t\t<div class=\"e-con-inner\">\n\t\t\t\t<div class=\"elementor-element elementor-element-0a08c8e elementor-widget elementor-widget-heading\" data-id=\"0a08c8e\" data-element_type=\"widget\" data-e-type=\"widget\" data-widget_type=\"heading.default\">\n\t\t\t\t<div class=\"elementor-widget-container\">\n\t\t\t\t\t<h1 class=\"elementor-heading-title elementor-size-default\">Une assurance solide avec une approche personnalis\u00e9e<\/h1>\t\t\t\t<\/div>\n\t\t\t\t<\/div>\n\t\t\t\t\t<\/div>\n\t\t\t\t<\/div>\n\t\t<div class=\"elementor-element elementor-element-1f43879 e-flex e-con-boxed e-con e-parent\" data-id=\"1f43879\" data-element_type=\"container\" data-e-type=\"container\">\n\t\t\t\t\t<div class=\"e-con-inner\">\n\t\t<div class=\"elementor-element elementor-element-ea2d192 e-con-full e-flex e-con e-child\" data-id=\"ea2d192\" data-element_type=\"container\" data-e-type=\"container\" data-settings=\"{&quot;background_background&quot;:&quot;classic&quot;}\">\n\t\t\t\t<div class=\"elementor-element elementor-element-6271114 elementor-widget elementor-widget-image\" data-id=\"6271114\" data-element_type=\"widget\" data-e-type=\"widget\" data-widget_type=\"image.default\">\n\t\t\t\t<div class=\"elementor-widget-container\">\n\t\t\t\t\t\t\t\t\t\t\t\t\t\t\t<img fetchpriority=\"high\" decoding=\"async\" width=\"700\" height=\"472\" src=\"https:\/\/bbdgroup.be\/wp-content\/uploads\/2025\/09\/pexels-fauxels-3182759.jpg\" class=\"attachment-full size-full wp-image-980\" alt=\"\" srcset=\"https:\/\/bbdgroup.be\/wp-content\/uploads\/2025\/09\/pexels-fauxels-3182759.jpg 700w, https:\/\/bbdgroup.be\/wp-content\/uploads\/2025\/09\/pexels-fauxels-3182759-300x202.jpg 300w\" sizes=\"(max-width: 700px) 100vw, 700px\" \/>\t\t\t\t\t\t\t\t\t\t\t\t\t\t\t<\/div>\n\t\t\t\t<\/div>\n\t\t\t\t<\/div>\n\t\t<div class=\"elementor-element elementor-element-9e7318d e-con-full e-flex e-con e-child\" data-id=\"9e7318d\" data-element_type=\"container\" data-e-type=\"container\">\n\t\t\t\t<div class=\"elementor-element elementor-element-4239206 elementor-widget__width-initial elementor-widget elementor-widget-heading\" data-id=\"4239206\" data-element_type=\"widget\" data-e-type=\"widget\" data-widget_type=\"heading.default\">\n\t\t\t\t<div class=\"elementor-widget-container\">\n\t\t\t\t\t<h2 class=\"elementor-heading-title elementor-size-default\">L'assurance sur mesure commence par un <span>contact personnel<\/span><\/h2>\t\t\t\t<\/div>\n\t\t\t\t<\/div>\n\t\t\t\t<div class=\"elementor-element elementor-element-f53244c elementor-widget elementor-widget-heading\" data-id=\"f53244c\" data-element_type=\"widget\" data-e-type=\"widget\" data-widget_type=\"heading.default\">\n\t\t\t\t<div class=\"elementor-widget-container\">\n\t\t\t\t\t<h2 class=\"elementor-heading-title elementor-size-default\">Pourquoi s'assurer ?<\/h2>\t\t\t\t<\/div>\n\t\t\t\t<\/div>\n\t\t\t\t<div class=\"elementor-element elementor-element-ceb0762 elementor-widget__width-initial elementor-widget elementor-widget-text-editor\" data-id=\"ceb0762\" data-element_type=\"widget\" data-e-type=\"widget\" data-widget_type=\"text-editor.default\">\n\t\t\t\t<div class=\"elementor-widget-container\">\n\t\t\t\t\t\t\t\t\t<p class=\"p1\">L&rsquo;assurance est unique : vous l&rsquo;achetez en esp\u00e9rant ne jamais en avoir besoin. Comme un extincteur ou un airbag, elle vous offre une <b>s\u00e9curit\u00e9<\/b> en cas d&rsquo;urgence. <\/p><p class=\"p1\">La qualit\u00e9 ne pouvant \u00eatre test\u00e9e que dans le cadre d&rsquo;une demande, il est essentiel de pouvoir compter sur un <b>partenaire fiable<\/b>.<\/p>\t\t\t\t\t\t\t\t<\/div>\n\t\t\t\t<\/div>\n\t\t\t\t<div class=\"elementor-element elementor-element-e940594 elementor-widget elementor-widget-heading\" data-id=\"e940594\" data-element_type=\"widget\" data-e-type=\"widget\" data-widget_type=\"heading.default\">\n\t\t\t\t<div class=\"elementor-widget-container\">\n\t\t\t\t\t<h2 class=\"elementor-heading-title elementor-size-default\">Pourquoi un conseiller ?<\/h2>\t\t\t\t<\/div>\n\t\t\t\t<\/div>\n\t\t\t\t<div class=\"elementor-element elementor-element-bf09543 elementor-widget__width-initial elementor-widget elementor-widget-text-editor\" data-id=\"bf09543\" data-element_type=\"widget\" data-e-type=\"widget\" data-widget_type=\"text-editor.default\">\n\t\t\t\t<div class=\"elementor-widget-container\">\n\t\t\t\t\t\t\t\t\t<p class=\"p1\">Les polices d&rsquo;assurance sont complexes. Les conditions d&rsquo;assurance sont souvent r\u00e9dig\u00e9es en petits caract\u00e8res et difficiles \u00e0 comparer. Un conseiller sp\u00e9cialis\u00e9 vous aidera \u00e0 y voir clair et \u00e0 vous assurer que votre police vous prot\u00e8ge r\u00e9ellement lorsque vous en avez besoin.  <\/p>\t\t\t\t\t\t\t\t<\/div>\n\t\t\t\t<\/div>\n\t\t\t\t<\/div>\n\t\t\t\t\t<\/div>\n\t\t\t\t<\/div>\n\t\t<div class=\"elementor-element elementor-element-0656fdb elementor-hidden-desktop elementor-hidden-tablet elementor-hidden-mobile e-flex e-con-boxed e-con e-parent\" data-id=\"0656fdb\" data-element_type=\"container\" data-e-type=\"container\">\n\t\t\t\t\t<div class=\"e-con-inner\">\n\t\t<div class=\"elementor-element elementor-element-fa7f9b3 e-con-full e-flex e-con e-child\" data-id=\"fa7f9b3\" data-element_type=\"container\" data-e-type=\"container\">\n\t\t\t\t<div class=\"elementor-element elementor-element-53b0899 elementor-widget__width-initial elementor-widget elementor-widget-heading\" data-id=\"53b0899\" data-element_type=\"widget\" data-e-type=\"widget\" data-widget_type=\"heading.default\">\n\t\t\t\t<div class=\"elementor-widget-container\">\n\t\t\t\t\t<h2 class=\"elementor-heading-title elementor-size-default\">B\u00e9n\u00e9ficiez des conseils d'un <span>conseiller en assurance exp\u00e9riment\u00e9<\/span><\/h2>\t\t\t\t<\/div>\n\t\t\t\t<\/div>\n\t\t\t\t<div class=\"elementor-element elementor-element-07248b5 elementor-widget__width-initial elementor-widget elementor-widget-text-editor\" data-id=\"07248b5\" data-element_type=\"widget\" data-e-type=\"widget\" data-widget_type=\"text-editor.default\">\n\t\t\t\t<div class=\"elementor-widget-container\">\n\t\t\t\t\t\t\t\t\t<p>La seule chose tangible en mati\u00e8re d&rsquo;assurance est votre contrat, la police. Il s&rsquo;agit souvent d&rsquo;un texte tr\u00e8s long, \u00e9crit en <em>petits caract\u00e8res<\/em>, qui n&rsquo;est pas du tout facile \u00e0 lire. Mais c&rsquo;est bien s\u00fbr la base du r\u00e8glement de votre sinistre en cas de malheur, ainsi que des textes juridiques ou de la jurisprudence souvent encore plus compliqu\u00e9s qui peuvent s&rsquo;appliquer.  <\/p><p>Bien que de nombreuses personnes aient l&rsquo;impression que les assurances sont facilement comparables, cela ne correspond pas du tout \u00e0 la r\u00e9alit\u00e9. Au cours des derni\u00e8res d\u00e9cennies, il est devenu de plus en plus difficile de continuer \u00e0 voir les arbres \u00e0 travers la for\u00eat. <\/p><p>Il est donc important de vous faire assister dans votre choix par un conseiller sp\u00e9cialis\u00e9, qui conna\u00eet bien les textes des polices et leur interpr\u00e9tation en cas de sinistre, et ce sur la base d&rsquo;une exp\u00e9rience quotidienne.<\/p>\t\t\t\t\t\t\t\t<\/div>\n\t\t\t\t<\/div>\n\t\t\t\t<div class=\"elementor-element elementor-element-84185da elementor-widget elementor-widget-button\" data-id=\"84185da\" data-element_type=\"widget\" data-e-type=\"widget\" data-widget_type=\"button.default\">\n\t\t\t\t<div class=\"elementor-widget-container\">\n\t\t\t\t\t\t\t\t\t<div class=\"elementor-button-wrapper\">\n\t\t\t\t\t<a class=\"elementor-button elementor-button-link elementor-size-sm\" href=\"https:\/\/bbdgroup.be\/fr\/contact\/\">\n\t\t\t\t\t\t<span class=\"elementor-button-content-wrapper\">\n\t\t\t\t\t\t<span class=\"elementor-button-icon\">\n\t\t\t\t<i aria-hidden=\"true\" class=\"fas fa-long-arrow-alt-right\"><\/i>\t\t\t<\/span>\n\t\t\t\t\t\t\t\t\t<span class=\"elementor-button-text\">Prenez contact avec nous<\/span>\n\t\t\t\t\t<\/span>\n\t\t\t\t\t<\/a>\n\t\t\t\t<\/div>\n\t\t\t\t\t\t\t\t<\/div>\n\t\t\t\t<\/div>\n\t\t\t\t<\/div>\n\t\t<div class=\"elementor-element elementor-element-662c978 e-con-full e-flex e-con e-child\" data-id=\"662c978\" data-element_type=\"container\" data-e-type=\"container\" data-settings=\"{&quot;background_background&quot;:&quot;classic&quot;}\">\n\t\t\t\t<\/div>\n\t\t\t\t\t<\/div>\n\t\t\t\t<\/div>\n\t\t<div class=\"elementor-element elementor-element-28fa7ef e-flex e-con-boxed e-con e-parent\" data-id=\"28fa7ef\" data-element_type=\"container\" data-e-type=\"container\">\n\t\t\t\t\t<div class=\"e-con-inner\">\n\t\t\t\t<div class=\"elementor-element elementor-element-9b9f61d elementor-widget__width-initial elementor-widget elementor-widget-heading\" data-id=\"9b9f61d\" data-element_type=\"widget\" data-e-type=\"widget\" data-widget_type=\"heading.default\">\n\t\t\t\t<div class=\"elementor-widget-container\">\n\t\t\t\t\t<h2 class=\"elementor-heading-title elementor-size-default\">Lisez ici les <span>conditions g\u00e9n\u00e9rales de<\/span> chaque type d'assurance.<\/h2>\t\t\t\t<\/div>\n\t\t\t\t<\/div>\n\t\t\t\t<div class=\"elementor-element elementor-element-c7fa7f9 elementor-widget__width-initial elementor-widget elementor-widget-text-editor\" data-id=\"c7fa7f9\" data-element_type=\"widget\" data-e-type=\"widget\" data-widget_type=\"text-editor.default\">\n\t\t\t\t<div class=\"elementor-widget-container\">\n\t\t\t\t\t\t\t\t\t<p>Cliquez <span style=\"text-decoration: underline;\"><span style=\"color: #ba9b2f;\"><a style=\"color: #ba9b2f; text-decoration: underline;\" href=\"http:\/\/app.sectorcatalog.be\/SectorCatalog\/public\/?language=NL\" target=\"_blank\" rel=\"noopener\">ici<\/a><\/span><\/span> pour un aper\u00e7u des types de contrats que nous pouvons proposer avec les diff\u00e9rentes conditions g\u00e9n\u00e9rales.<\/p>\t\t\t\t\t\t\t\t<\/div>\n\t\t\t\t<\/div>\n\t\t\t\t\t<\/div>\n\t\t\t\t<\/div>\n\t\t\t\t<\/div>\n\t\t","protected":false},"excerpt":{"rendered":"<p>Une assurance solide avec une approche personnalis\u00e9e L&rsquo;assurance sur mesure commence par un contact personnel Pourquoi s&rsquo;assurer ? L&rsquo;assurance est unique : vous l&rsquo;achetez en esp\u00e9rant ne jamais en avoir besoin. Comme un extincteur ou un airbag, elle vous offre une s\u00e9curit\u00e9 en cas d&rsquo;urgence. La qualit\u00e9 ne pouvant \u00eatre test\u00e9e que dans le cadre [&hellip;]<\/p>\n","protected":false},"author":4,"featured_media":980,"parent":0,"menu_order":0,"comment_status":"closed","ping_status":"closed","template":"","meta":{"footnotes":""},"class_list":["post-979","page","type-page","status-publish","has-post-thumbnail","hentry"],"yoast_head":"<!-- This site is optimized with the Yoast SEO plugin v27.3 - https:\/\/yoast.com\/product\/yoast-seo-wordpress\/ -->\n<title>L&#039;assurance sur mesure - Baeyens Bosteels &amp; Dender.<\/title>\n<meta name=\"description\" content=\"Particuliers, PME et forains : d\u00e9couvrez une assurance sur mesure avec des conseils honn\u00eates et une protection compl\u00e8te chez BB&amp;D.\" \/>\n<meta name=\"robots\" content=\"index, follow, max-snippet:-1, max-image-preview:large, max-video-preview:-1\" \/>\n<link rel=\"canonical\" href=\"https:\/\/bbdgroup.be\/fr\/assurance\/\" \/>\n<meta property=\"og:locale\" content=\"fr_FR\" \/>\n<meta property=\"og:type\" content=\"article\" \/>\n<meta property=\"og:title\" content=\"L&#039;assurance sur mesure - Baeyens Bosteels &amp; Dender.\" \/>\n<meta property=\"og:description\" content=\"Particuliers, PME et forains : d\u00e9couvrez une assurance sur mesure avec des conseils honn\u00eates et une protection compl\u00e8te chez BB&amp;D.\" \/>\n<meta property=\"og:url\" content=\"https:\/\/bbdgroup.be\/fr\/assurance\/\" \/>\n<meta property=\"og:site_name\" content=\"Baeyens Bosteels &amp; Dender\" \/>\n<meta property=\"article:modified_time\" content=\"2025-12-17T09:54:13+00:00\" \/>\n<meta property=\"og:image\" content=\"https:\/\/bbdgroup.be\/wp-content\/uploads\/2025\/09\/pexels-fauxels-3182759.jpg\" \/>\n\t<meta property=\"og:image:width\" content=\"700\" \/>\n\t<meta property=\"og:image:height\" content=\"472\" \/>\n\t<meta property=\"og:image:type\" content=\"image\/jpeg\" \/>\n<meta name=\"twitter:card\" content=\"summary_large_image\" \/>\n<meta name=\"twitter:label1\" content=\"Dur\u00e9e de lecture estim\u00e9e\" \/>\n\t<meta name=\"twitter:data1\" content=\"2 minutes\" \/>\n<script type=\"application\/ld+json\" class=\"yoast-schema-graph\">{\"@context\":\"https:\\\/\\\/schema.org\",\"@graph\":[{\"@type\":\"WebPage\",\"@id\":\"https:\\\/\\\/bbdgroup.be\\\/fr\\\/assurance\\\/\",\"url\":\"https:\\\/\\\/bbdgroup.be\\\/fr\\\/assurance\\\/\",\"name\":\"L'assurance sur mesure - Baeyens Bosteels &amp; Dender.\",\"isPartOf\":{\"@id\":\"https:\\\/\\\/baeyens-bosteels.be\\\/#website\"},\"primaryImageOfPage\":{\"@id\":\"https:\\\/\\\/bbdgroup.be\\\/fr\\\/assurance\\\/#primaryimage\"},\"image\":{\"@id\":\"https:\\\/\\\/bbdgroup.be\\\/fr\\\/assurance\\\/#primaryimage\"},\"thumbnailUrl\":\"https:\\\/\\\/bbdgroup.be\\\/wp-content\\\/uploads\\\/2025\\\/09\\\/pexels-fauxels-3182759.jpg\",\"datePublished\":\"2025-09-18T14:25:46+00:00\",\"dateModified\":\"2025-12-17T09:54:13+00:00\",\"description\":\"Particuliers, PME et forains : d\u00e9couvrez une assurance sur mesure avec des conseils honn\u00eates et une protection compl\u00e8te chez BB&D.\",\"breadcrumb\":{\"@id\":\"https:\\\/\\\/bbdgroup.be\\\/fr\\\/assurance\\\/#breadcrumb\"},\"inLanguage\":\"fr-FR\",\"potentialAction\":[{\"@type\":\"ReadAction\",\"target\":[\"https:\\\/\\\/bbdgroup.be\\\/fr\\\/assurance\\\/\"]}]},{\"@type\":\"ImageObject\",\"inLanguage\":\"fr-FR\",\"@id\":\"https:\\\/\\\/bbdgroup.be\\\/fr\\\/assurance\\\/#primaryimage\",\"url\":\"https:\\\/\\\/bbdgroup.be\\\/wp-content\\\/uploads\\\/2025\\\/09\\\/pexels-fauxels-3182759.jpg\",\"contentUrl\":\"https:\\\/\\\/bbdgroup.be\\\/wp-content\\\/uploads\\\/2025\\\/09\\\/pexels-fauxels-3182759.jpg\",\"width\":700,\"height\":472},{\"@type\":\"BreadcrumbList\",\"@id\":\"https:\\\/\\\/bbdgroup.be\\\/fr\\\/assurance\\\/#breadcrumb\",\"itemListElement\":[{\"@type\":\"ListItem\",\"position\":1,\"name\":\"Accueil\",\"item\":\"https:\\\/\\\/bbdgroup.be\\\/fr\\\/\"},{\"@type\":\"ListItem\",\"position\":2,\"name\":\"Assurance\"}]},{\"@type\":\"WebSite\",\"@id\":\"https:\\\/\\\/baeyens-bosteels.be\\\/#website\",\"url\":\"https:\\\/\\\/baeyens-bosteels.be\\\/\",\"name\":\"Baeyens Bosteels &amp; Dender\",\"description\":\"\",\"publisher\":{\"@id\":\"https:\\\/\\\/baeyens-bosteels.be\\\/#organization\"},\"potentialAction\":[{\"@type\":\"SearchAction\",\"target\":{\"@type\":\"EntryPoint\",\"urlTemplate\":\"https:\\\/\\\/baeyens-bosteels.be\\\/?s={search_term_string}\"},\"query-input\":{\"@type\":\"PropertyValueSpecification\",\"valueRequired\":true,\"valueName\":\"search_term_string\"}}],\"inLanguage\":\"fr-FR\"},{\"@type\":\"Organization\",\"@id\":\"https:\\\/\\\/baeyens-bosteels.be\\\/#organization\",\"name\":\"Baeyens Bosteels &amp; Dender\",\"url\":\"https:\\\/\\\/baeyens-bosteels.be\\\/\",\"logo\":{\"@type\":\"ImageObject\",\"inLanguage\":\"fr-FR\",\"@id\":\"https:\\\/\\\/baeyens-bosteels.be\\\/#\\\/schema\\\/logo\\\/image\\\/\",\"url\":\"https:\\\/\\\/bbdgroup.be\\\/wp-content\\\/uploads\\\/2022\\\/07\\\/BBD-Beeldmerk-RGB-Gold.svg\",\"contentUrl\":\"https:\\\/\\\/bbdgroup.be\\\/wp-content\\\/uploads\\\/2022\\\/07\\\/BBD-Beeldmerk-RGB-Gold.svg\",\"caption\":\"Baeyens Bosteels &amp; Dender\"},\"image\":{\"@id\":\"https:\\\/\\\/baeyens-bosteels.be\\\/#\\\/schema\\\/logo\\\/image\\\/\"}}]}<\/script>\n<!-- \/ Yoast SEO plugin. -->","yoast_head_json":{"title":"L'assurance sur mesure - Baeyens Bosteels &amp; Dender.","description":"Particuliers, PME et forains : d\u00e9couvrez une assurance sur mesure avec des conseils honn\u00eates et une protection compl\u00e8te chez BB&D.","robots":{"index":"index","follow":"follow","max-snippet":"max-snippet:-1","max-image-preview":"max-image-preview:large","max-video-preview":"max-video-preview:-1"},"canonical":"https:\/\/bbdgroup.be\/fr\/assurance\/","og_locale":"fr_FR","og_type":"article","og_title":"L'assurance sur mesure - Baeyens Bosteels &amp; Dender.","og_description":"Particuliers, PME et forains : d\u00e9couvrez une assurance sur mesure avec des conseils honn\u00eates et une protection compl\u00e8te chez BB&D.","og_url":"https:\/\/bbdgroup.be\/fr\/assurance\/","og_site_name":"Baeyens Bosteels &amp; Dender","article_modified_time":"2025-12-17T09:54:13+00:00","og_image":[{"width":700,"height":472,"url":"https:\/\/bbdgroup.be\/wp-content\/uploads\/2025\/09\/pexels-fauxels-3182759.jpg","type":"image\/jpeg"}],"twitter_card":"summary_large_image","twitter_misc":{"Dur\u00e9e de lecture estim\u00e9e":"2 minutes"},"schema":{"@context":"https:\/\/schema.org","@graph":[{"@type":"WebPage","@id":"https:\/\/bbdgroup.be\/fr\/assurance\/","url":"https:\/\/bbdgroup.be\/fr\/assurance\/","name":"L'assurance sur mesure - Baeyens Bosteels &amp; Dender.","isPartOf":{"@id":"https:\/\/baeyens-bosteels.be\/#website"},"primaryImageOfPage":{"@id":"https:\/\/bbdgroup.be\/fr\/assurance\/#primaryimage"},"image":{"@id":"https:\/\/bbdgroup.be\/fr\/assurance\/#primaryimage"},"thumbnailUrl":"https:\/\/bbdgroup.be\/wp-content\/uploads\/2025\/09\/pexels-fauxels-3182759.jpg","datePublished":"2025-09-18T14:25:46+00:00","dateModified":"2025-12-17T09:54:13+00:00","description":"Particuliers, PME et forains : d\u00e9couvrez une assurance sur mesure avec des conseils honn\u00eates et une protection compl\u00e8te chez BB&D.","breadcrumb":{"@id":"https:\/\/bbdgroup.be\/fr\/assurance\/#breadcrumb"},"inLanguage":"fr-FR","potentialAction":[{"@type":"ReadAction","target":["https:\/\/bbdgroup.be\/fr\/assurance\/"]}]},{"@type":"ImageObject","inLanguage":"fr-FR","@id":"https:\/\/bbdgroup.be\/fr\/assurance\/#primaryimage","url":"https:\/\/bbdgroup.be\/wp-content\/uploads\/2025\/09\/pexels-fauxels-3182759.jpg","contentUrl":"https:\/\/bbdgroup.be\/wp-content\/uploads\/2025\/09\/pexels-fauxels-3182759.jpg","width":700,"height":472},{"@type":"BreadcrumbList","@id":"https:\/\/bbdgroup.be\/fr\/assurance\/#breadcrumb","itemListElement":[{"@type":"ListItem","position":1,"name":"Accueil","item":"https:\/\/bbdgroup.be\/fr\/"},{"@type":"ListItem","position":2,"name":"Assurance"}]},{"@type":"WebSite","@id":"https:\/\/baeyens-bosteels.be\/#website","url":"https:\/\/baeyens-bosteels.be\/","name":"Baeyens Bosteels &amp; Dender","description":"","publisher":{"@id":"https:\/\/baeyens-bosteels.be\/#organization"},"potentialAction":[{"@type":"SearchAction","target":{"@type":"EntryPoint","urlTemplate":"https:\/\/baeyens-bosteels.be\/?s={search_term_string}"},"query-input":{"@type":"PropertyValueSpecification","valueRequired":true,"valueName":"search_term_string"}}],"inLanguage":"fr-FR"},{"@type":"Organization","@id":"https:\/\/baeyens-bosteels.be\/#organization","name":"Baeyens Bosteels &amp; Dender","url":"https:\/\/baeyens-bosteels.be\/","logo":{"@type":"ImageObject","inLanguage":"fr-FR","@id":"https:\/\/baeyens-bosteels.be\/#\/schema\/logo\/image\/","url":"https:\/\/bbdgroup.be\/wp-content\/uploads\/2022\/07\/BBD-Beeldmerk-RGB-Gold.svg","contentUrl":"https:\/\/bbdgroup.be\/wp-content\/uploads\/2022\/07\/BBD-Beeldmerk-RGB-Gold.svg","caption":"Baeyens Bosteels &amp; Dender"},"image":{"@id":"https:\/\/baeyens-bosteels.be\/#\/schema\/logo\/image\/"}}]}},"_links":{"self":[{"href":"https:\/\/bbdgroup.be\/fr\/wp-json\/wp\/v2\/pages\/979","targetHints":{"allow":["GET"]}}],"collection":[{"href":"https:\/\/bbdgroup.be\/fr\/wp-json\/wp\/v2\/pages"}],"about":[{"href":"https:\/\/bbdgroup.be\/fr\/wp-json\/wp\/v2\/types\/page"}],"author":[{"embeddable":true,"href":"https:\/\/bbdgroup.be\/fr\/wp-json\/wp\/v2\/users\/4"}],"replies":[{"embeddable":true,"href":"https:\/\/bbdgroup.be\/fr\/wp-json\/wp\/v2\/comments?post=979"}],"version-history":[{"count":4,"href":"https:\/\/bbdgroup.be\/fr\/wp-json\/wp\/v2\/pages\/979\/revisions"}],"predecessor-version":[{"id":1245,"href":"https:\/\/bbdgroup.be\/fr\/wp-json\/wp\/v2\/pages\/979\/revisions\/1245"}],"wp:featuredmedia":[{"embeddable":true,"href":"https:\/\/bbdgroup.be\/fr\/wp-json\/wp\/v2\/media\/980"}],"wp:attachment":[{"href":"https:\/\/bbdgroup.be\/fr\/wp-json\/wp\/v2\/media?parent=979"}],"curies":[{"name":"wp","href":"https:\/\/api.w.org\/{rel}","templated":true}]}}