{"id":976,"date":"2025-11-26T10:33:08","date_gmt":"2025-11-26T09:33:08","guid":{"rendered":"https:\/\/bbdgroup.be\/votre-camion\/"},"modified":"2025-12-18T10:03:45","modified_gmt":"2025-12-18T09:03:45","slug":"votre-camion","status":"publish","type":"page","link":"https:\/\/bbdgroup.be\/fr\/juste\/votre-camion\/","title":{"rendered":"Votre camion foraine"},"content":{"rendered":"\t\t<div data-elementor-type=\"wp-page\" data-elementor-id=\"976\" class=\"elementor elementor-976 elementor-673\" data-elementor-post-type=\"page\">\n\t\t\t\t<div class=\"elementor-element elementor-element-1432026 e-flex e-con-boxed e-con e-parent\" data-id=\"1432026\" data-element_type=\"container\" data-e-type=\"container\" data-settings=\"{&quot;background_background&quot;:&quot;classic&quot;}\">\n\t\t\t\t\t<div class=\"e-con-inner\">\n\t\t\t\t<div class=\"elementor-element elementor-element-0cd072b elementor-widget elementor-widget-heading\" data-id=\"0cd072b\" data-element_type=\"widget\" data-e-type=\"widget\" data-widget_type=\"heading.default\">\n\t\t\t\t<div class=\"elementor-widget-container\">\n\t\t\t\t\t<h1 class=\"elementor-heading-title elementor-size-default\">Votre camion foraine<\/h1>\t\t\t\t<\/div>\n\t\t\t\t<\/div>\n\t\t\t\t\t<\/div>\n\t\t\t\t<\/div>\n\t\t<div class=\"elementor-element elementor-element-f53418c e-flex e-con-boxed e-con e-parent\" data-id=\"f53418c\" data-element_type=\"container\" data-e-type=\"container\">\n\t\t\t\t\t<div class=\"e-con-inner\">\n\t\t<div class=\"elementor-element elementor-element-8af99bc e-con-full e-flex e-con e-child\" data-id=\"8af99bc\" data-element_type=\"container\" data-e-type=\"container\" data-settings=\"{&quot;background_background&quot;:&quot;classic&quot;}\">\n\t\t\t\t<div class=\"elementor-element elementor-element-49b20e1 elementor-widget elementor-widget-image\" data-id=\"49b20e1\" data-element_type=\"widget\" data-e-type=\"widget\" data-widget_type=\"image.default\">\n\t\t\t\t<div class=\"elementor-widget-container\">\n\t\t\t\t\t\t\t\t\t\t\t\t\t\t\t<img fetchpriority=\"high\" decoding=\"async\" width=\"973\" height=\"647\" src=\"https:\/\/bbdgroup.be\/wp-content\/uploads\/2025\/11\/2148606699.webp\" class=\"attachment-full size-full wp-image-977\" alt=\"\" srcset=\"https:\/\/bbdgroup.be\/wp-content\/uploads\/2025\/11\/2148606699.webp 973w, https:\/\/bbdgroup.be\/wp-content\/uploads\/2025\/11\/2148606699-300x199.webp 300w, https:\/\/bbdgroup.be\/wp-content\/uploads\/2025\/11\/2148606699-768x511.webp 768w\" sizes=\"(max-width: 973px) 100vw, 973px\" \/>\t\t\t\t\t\t\t\t\t\t\t\t\t\t\t<\/div>\n\t\t\t\t<\/div>\n\t\t\t\t<\/div>\n\t\t<div class=\"elementor-element elementor-element-6d27282 e-con-full e-flex e-con e-child\" data-id=\"6d27282\" data-element_type=\"container\" data-e-type=\"container\">\n\t\t\t\t<div class=\"elementor-element elementor-element-85d5e6c elementor-widget__width-initial elementor-widget elementor-widget-text-editor\" data-id=\"85d5e6c\" data-element_type=\"widget\" data-e-type=\"widget\" data-widget_type=\"text-editor.default\">\n\t\t\t\t<div class=\"elementor-widget-container\">\n\t\t\t\t\t\t\t\t\t<p class=\"p1\">Vous d\u00e9placez votre attraction ou votre stand d&rsquo;un champ de foire \u00e0 l&rsquo;autre. Cela se produit souvent le soir ou la nuit, lorsque vous devez <b>man\u0153uvrer<\/b> votre camion &#8211; Qu&rsquo;il s&rsquo;agisse d&rsquo;un tracteur pour une attraction ou un stand sur remorque, ou d&rsquo;un camion sur lequel l&rsquo;attraction est mont\u00e9e &#8211; dans des centres-villes tr\u00e8s fr\u00e9quent\u00e9s o\u00f9 l&rsquo;espace est limit\u00e9. Nous comprenons que votre camion a une utilisation <b>sp\u00e9cifique et limit\u00e9e<\/b>: principalement pour le trajet entre les foires.<\/p><p class=\"p1\"><b>Primes forfaitaires et primes progressives<\/b><\/p><p class=\"p1\">Nous avons \u00e9labor\u00e9 un contrat <b>sur mesure<\/b> qui tient compte de cette utilisation sp\u00e9cifique. Cela se traduit par un <b>taux brillant<\/b>:<\/p><ul class=\"ul1\"><li class=\"li1\">Nos primes sont <b>fixes<\/b>.<\/li><li class=\"li1\">Ils <b>ne sont pas<\/b> bas\u00e9s sur la puissance ou le tonnage du camion.<\/li><\/ul><p class=\"p1\">Gr\u00e2ce \u00e0 cette approche unique, tous vos camions et remorques b\u00e9n\u00e9ficient d&rsquo;une <b>prime comp\u00e9titive<\/b>.<\/p><p class=\"p1\">La police fournit l&rsquo;<b>assurance automobile<\/b> obligatoire RC, compl\u00e9t\u00e9e par une garantie d&rsquo;<b>assistance juridique<\/b> tr\u00e8s compl\u00e8te.<\/p>\t\t\t\t\t\t\t\t<\/div>\n\t\t\t\t<\/div>\n\t\t\t\t<div class=\"elementor-element elementor-element-fa561a2 elementor-widget elementor-widget-button\" data-id=\"fa561a2\" data-element_type=\"widget\" data-e-type=\"widget\" data-widget_type=\"button.default\">\n\t\t\t\t<div class=\"elementor-widget-container\">\n\t\t\t\t\t\t\t\t\t<div class=\"elementor-button-wrapper\">\n\t\t\t\t\t<a class=\"elementor-button elementor-button-link elementor-size-sm\" href=\"https:\/\/bbdgroup.be\/fr\/contact\/\">\n\t\t\t\t\t\t<span class=\"elementor-button-content-wrapper\">\n\t\t\t\t\t\t<span class=\"elementor-button-icon\">\n\t\t\t\t<i aria-hidden=\"true\" class=\"fas fa-long-arrow-alt-right\"><\/i>\t\t\t<\/span>\n\t\t\t\t\t\t\t\t\t<span class=\"elementor-button-text\">Prenez contact avec nous<\/span>\n\t\t\t\t\t<\/span>\n\t\t\t\t\t<\/a>\n\t\t\t\t<\/div>\n\t\t\t\t\t\t\t\t<\/div>\n\t\t\t\t<\/div>\n\t\t\t\t<\/div>\n\t\t\t\t\t<\/div>\n\t\t\t\t<\/div>\n\t\t\t\t<\/div>\n\t\t","protected":false},"excerpt":{"rendered":"<p>Votre camion foraine Vous d\u00e9placez votre attraction ou votre stand d&rsquo;un champ de foire \u00e0 l&rsquo;autre. Cela se produit souvent le soir ou la nuit, lorsque vous devez man\u0153uvrer votre camion &#8211; Qu&rsquo;il s&rsquo;agisse d&rsquo;un tracteur pour une attraction ou un stand sur remorque, ou d&rsquo;un camion sur lequel l&rsquo;attraction est mont\u00e9e &#8211; dans des [&hellip;]<\/p>\n","protected":false},"author":4,"featured_media":977,"parent":1003,"menu_order":0,"comment_status":"closed","ping_status":"closed","template":"","meta":{"footnotes":""},"class_list":["post-976","page","type-page","status-publish","has-post-thumbnail","hentry"],"yoast_head":"<!-- This site is optimized with the Yoast SEO plugin v27.3 - https:\/\/yoast.com\/product\/yoast-seo-wordpress\/ -->\n<title>Assurance pour les camions forains - Baeyens Bosteels &amp; Dender%.<\/title>\n<meta name=\"description\" content=\"Prot\u00e9gez votre camion foraine avec notre police sp\u00e9cialis\u00e9e : RC Motor et Comprehensive Legal Assistance, id\u00e9ale pour les exploitants de foire.\" \/>\n<meta name=\"robots\" content=\"index, follow, max-snippet:-1, max-image-preview:large, max-video-preview:-1\" \/>\n<link rel=\"canonical\" href=\"https:\/\/bbdgroup.be\/fr\/juste\/votre-camion\/\" \/>\n<meta property=\"og:locale\" content=\"fr_FR\" \/>\n<meta property=\"og:type\" content=\"article\" \/>\n<meta property=\"og:title\" content=\"Assurance pour les camions forains - Baeyens Bosteels &amp; Dender%.\" \/>\n<meta property=\"og:description\" content=\"Prot\u00e9gez votre camion foraine avec notre police sp\u00e9cialis\u00e9e : RC Motor et Comprehensive Legal Assistance, id\u00e9ale pour les exploitants de foire.\" \/>\n<meta property=\"og:url\" content=\"https:\/\/bbdgroup.be\/fr\/juste\/votre-camion\/\" \/>\n<meta property=\"og:site_name\" content=\"Baeyens Bosteels &amp; Dender\" \/>\n<meta property=\"article:modified_time\" content=\"2025-12-18T09:03:45+00:00\" \/>\n<meta property=\"og:image\" content=\"https:\/\/bbdgroup.be\/wp-content\/uploads\/2025\/11\/2148606699.webp\" \/>\n\t<meta property=\"og:image:width\" content=\"973\" \/>\n\t<meta property=\"og:image:height\" content=\"647\" \/>\n\t<meta property=\"og:image:type\" content=\"image\/webp\" \/>\n<meta name=\"twitter:card\" content=\"summary_large_image\" \/>\n<meta name=\"twitter:label1\" content=\"Dur\u00e9e de lecture estim\u00e9e\" \/>\n\t<meta name=\"twitter:data1\" content=\"1 minute\" \/>\n<script type=\"application\/ld+json\" class=\"yoast-schema-graph\">{\"@context\":\"https:\\\/\\\/schema.org\",\"@graph\":[{\"@type\":\"WebPage\",\"@id\":\"https:\\\/\\\/bbdgroup.be\\\/fr\\\/juste\\\/votre-camion\\\/\",\"url\":\"https:\\\/\\\/bbdgroup.be\\\/fr\\\/juste\\\/votre-camion\\\/\",\"name\":\"Assurance pour les camions forains - Baeyens Bosteels &amp; Dender%.\",\"isPartOf\":{\"@id\":\"https:\\\/\\\/baeyens-bosteels.be\\\/#website\"},\"primaryImageOfPage\":{\"@id\":\"https:\\\/\\\/bbdgroup.be\\\/fr\\\/juste\\\/votre-camion\\\/#primaryimage\"},\"image\":{\"@id\":\"https:\\\/\\\/bbdgroup.be\\\/fr\\\/juste\\\/votre-camion\\\/#primaryimage\"},\"thumbnailUrl\":\"https:\\\/\\\/bbdgroup.be\\\/wp-content\\\/uploads\\\/2025\\\/11\\\/2148606699.webp\",\"datePublished\":\"2025-11-26T09:33:08+00:00\",\"dateModified\":\"2025-12-18T09:03:45+00:00\",\"description\":\"Prot\u00e9gez votre camion foraine avec notre police sp\u00e9cialis\u00e9e : RC Motor et Comprehensive Legal Assistance, id\u00e9ale pour les exploitants de foire.\",\"breadcrumb\":{\"@id\":\"https:\\\/\\\/bbdgroup.be\\\/fr\\\/juste\\\/votre-camion\\\/#breadcrumb\"},\"inLanguage\":\"fr-FR\",\"potentialAction\":[{\"@type\":\"ReadAction\",\"target\":[\"https:\\\/\\\/bbdgroup.be\\\/fr\\\/juste\\\/votre-camion\\\/\"]}]},{\"@type\":\"ImageObject\",\"inLanguage\":\"fr-FR\",\"@id\":\"https:\\\/\\\/bbdgroup.be\\\/fr\\\/juste\\\/votre-camion\\\/#primaryimage\",\"url\":\"https:\\\/\\\/bbdgroup.be\\\/wp-content\\\/uploads\\\/2025\\\/11\\\/2148606699.webp\",\"contentUrl\":\"https:\\\/\\\/bbdgroup.be\\\/wp-content\\\/uploads\\\/2025\\\/11\\\/2148606699.webp\",\"width\":973,\"height\":647},{\"@type\":\"BreadcrumbList\",\"@id\":\"https:\\\/\\\/bbdgroup.be\\\/fr\\\/juste\\\/votre-camion\\\/#breadcrumb\",\"itemListElement\":[{\"@type\":\"ListItem\",\"position\":1,\"name\":\"Accueil\",\"item\":\"https:\\\/\\\/bbdgroup.be\\\/fr\\\/\"},{\"@type\":\"ListItem\",\"position\":2,\"name\":\"Foire\",\"item\":\"https:\\\/\\\/bbdgroup.be\\\/fr\\\/kermis\\\/\"},{\"@type\":\"ListItem\",\"position\":3,\"name\":\"Votre camion foraine\"}]},{\"@type\":\"WebSite\",\"@id\":\"https:\\\/\\\/baeyens-bosteels.be\\\/#website\",\"url\":\"https:\\\/\\\/baeyens-bosteels.be\\\/\",\"name\":\"Baeyens Bosteels &amp; Dender\",\"description\":\"\",\"publisher\":{\"@id\":\"https:\\\/\\\/baeyens-bosteels.be\\\/#organization\"},\"potentialAction\":[{\"@type\":\"SearchAction\",\"target\":{\"@type\":\"EntryPoint\",\"urlTemplate\":\"https:\\\/\\\/baeyens-bosteels.be\\\/?s={search_term_string}\"},\"query-input\":{\"@type\":\"PropertyValueSpecification\",\"valueRequired\":true,\"valueName\":\"search_term_string\"}}],\"inLanguage\":\"fr-FR\"},{\"@type\":\"Organization\",\"@id\":\"https:\\\/\\\/baeyens-bosteels.be\\\/#organization\",\"name\":\"Baeyens Bosteels &amp; Dender\",\"url\":\"https:\\\/\\\/baeyens-bosteels.be\\\/\",\"logo\":{\"@type\":\"ImageObject\",\"inLanguage\":\"fr-FR\",\"@id\":\"https:\\\/\\\/baeyens-bosteels.be\\\/#\\\/schema\\\/logo\\\/image\\\/\",\"url\":\"https:\\\/\\\/bbdgroup.be\\\/wp-content\\\/uploads\\\/2022\\\/07\\\/BBD-Beeldmerk-RGB-Gold.svg\",\"contentUrl\":\"https:\\\/\\\/bbdgroup.be\\\/wp-content\\\/uploads\\\/2022\\\/07\\\/BBD-Beeldmerk-RGB-Gold.svg\",\"caption\":\"Baeyens Bosteels &amp; Dender\"},\"image\":{\"@id\":\"https:\\\/\\\/baeyens-bosteels.be\\\/#\\\/schema\\\/logo\\\/image\\\/\"}}]}<\/script>\n<!-- \/ Yoast SEO plugin. -->","yoast_head_json":{"title":"Assurance pour les camions forains - Baeyens Bosteels &amp; Dender%.","description":"Prot\u00e9gez votre camion foraine avec notre police sp\u00e9cialis\u00e9e : RC Motor et Comprehensive Legal Assistance, id\u00e9ale pour les exploitants de foire.","robots":{"index":"index","follow":"follow","max-snippet":"max-snippet:-1","max-image-preview":"max-image-preview:large","max-video-preview":"max-video-preview:-1"},"canonical":"https:\/\/bbdgroup.be\/fr\/juste\/votre-camion\/","og_locale":"fr_FR","og_type":"article","og_title":"Assurance pour les camions forains - Baeyens Bosteels &amp; Dender%.","og_description":"Prot\u00e9gez votre camion foraine avec notre police sp\u00e9cialis\u00e9e : RC Motor et Comprehensive Legal Assistance, id\u00e9ale pour les exploitants de foire.","og_url":"https:\/\/bbdgroup.be\/fr\/juste\/votre-camion\/","og_site_name":"Baeyens Bosteels &amp; Dender","article_modified_time":"2025-12-18T09:03:45+00:00","og_image":[{"width":973,"height":647,"url":"https:\/\/bbdgroup.be\/wp-content\/uploads\/2025\/11\/2148606699.webp","type":"image\/webp"}],"twitter_card":"summary_large_image","twitter_misc":{"Dur\u00e9e de lecture estim\u00e9e":"1 minute"},"schema":{"@context":"https:\/\/schema.org","@graph":[{"@type":"WebPage","@id":"https:\/\/bbdgroup.be\/fr\/juste\/votre-camion\/","url":"https:\/\/bbdgroup.be\/fr\/juste\/votre-camion\/","name":"Assurance pour les camions forains - Baeyens Bosteels &amp; Dender%.","isPartOf":{"@id":"https:\/\/baeyens-bosteels.be\/#website"},"primaryImageOfPage":{"@id":"https:\/\/bbdgroup.be\/fr\/juste\/votre-camion\/#primaryimage"},"image":{"@id":"https:\/\/bbdgroup.be\/fr\/juste\/votre-camion\/#primaryimage"},"thumbnailUrl":"https:\/\/bbdgroup.be\/wp-content\/uploads\/2025\/11\/2148606699.webp","datePublished":"2025-11-26T09:33:08+00:00","dateModified":"2025-12-18T09:03:45+00:00","description":"Prot\u00e9gez votre camion foraine avec notre police sp\u00e9cialis\u00e9e : RC Motor et Comprehensive Legal Assistance, id\u00e9ale pour les exploitants de foire.","breadcrumb":{"@id":"https:\/\/bbdgroup.be\/fr\/juste\/votre-camion\/#breadcrumb"},"inLanguage":"fr-FR","potentialAction":[{"@type":"ReadAction","target":["https:\/\/bbdgroup.be\/fr\/juste\/votre-camion\/"]}]},{"@type":"ImageObject","inLanguage":"fr-FR","@id":"https:\/\/bbdgroup.be\/fr\/juste\/votre-camion\/#primaryimage","url":"https:\/\/bbdgroup.be\/wp-content\/uploads\/2025\/11\/2148606699.webp","contentUrl":"https:\/\/bbdgroup.be\/wp-content\/uploads\/2025\/11\/2148606699.webp","width":973,"height":647},{"@type":"BreadcrumbList","@id":"https:\/\/bbdgroup.be\/fr\/juste\/votre-camion\/#breadcrumb","itemListElement":[{"@type":"ListItem","position":1,"name":"Accueil","item":"https:\/\/bbdgroup.be\/fr\/"},{"@type":"ListItem","position":2,"name":"Foire","item":"https:\/\/bbdgroup.be\/fr\/kermis\/"},{"@type":"ListItem","position":3,"name":"Votre camion foraine"}]},{"@type":"WebSite","@id":"https:\/\/baeyens-bosteels.be\/#website","url":"https:\/\/baeyens-bosteels.be\/","name":"Baeyens Bosteels &amp; Dender","description":"","publisher":{"@id":"https:\/\/baeyens-bosteels.be\/#organization"},"potentialAction":[{"@type":"SearchAction","target":{"@type":"EntryPoint","urlTemplate":"https:\/\/baeyens-bosteels.be\/?s={search_term_string}"},"query-input":{"@type":"PropertyValueSpecification","valueRequired":true,"valueName":"search_term_string"}}],"inLanguage":"fr-FR"},{"@type":"Organization","@id":"https:\/\/baeyens-bosteels.be\/#organization","name":"Baeyens Bosteels &amp; Dender","url":"https:\/\/baeyens-bosteels.be\/","logo":{"@type":"ImageObject","inLanguage":"fr-FR","@id":"https:\/\/baeyens-bosteels.be\/#\/schema\/logo\/image\/","url":"https:\/\/bbdgroup.be\/wp-content\/uploads\/2022\/07\/BBD-Beeldmerk-RGB-Gold.svg","contentUrl":"https:\/\/bbdgroup.be\/wp-content\/uploads\/2022\/07\/BBD-Beeldmerk-RGB-Gold.svg","caption":"Baeyens Bosteels &amp; Dender"},"image":{"@id":"https:\/\/baeyens-bosteels.be\/#\/schema\/logo\/image\/"}}]}},"_links":{"self":[{"href":"https:\/\/bbdgroup.be\/fr\/wp-json\/wp\/v2\/pages\/976","targetHints":{"allow":["GET"]}}],"collection":[{"href":"https:\/\/bbdgroup.be\/fr\/wp-json\/wp\/v2\/pages"}],"about":[{"href":"https:\/\/bbdgroup.be\/fr\/wp-json\/wp\/v2\/types\/page"}],"author":[{"embeddable":true,"href":"https:\/\/bbdgroup.be\/fr\/wp-json\/wp\/v2\/users\/4"}],"replies":[{"embeddable":true,"href":"https:\/\/bbdgroup.be\/fr\/wp-json\/wp\/v2\/comments?post=976"}],"version-history":[{"count":5,"href":"https:\/\/bbdgroup.be\/fr\/wp-json\/wp\/v2\/pages\/976\/revisions"}],"predecessor-version":[{"id":1331,"href":"https:\/\/bbdgroup.be\/fr\/wp-json\/wp\/v2\/pages\/976\/revisions\/1331"}],"up":[{"embeddable":true,"href":"https:\/\/bbdgroup.be\/fr\/wp-json\/wp\/v2\/pages\/1003"}],"wp:featuredmedia":[{"embeddable":true,"href":"https:\/\/bbdgroup.be\/fr\/wp-json\/wp\/v2\/media\/977"}],"wp:attachment":[{"href":"https:\/\/bbdgroup.be\/fr\/wp-json\/wp\/v2\/media?parent=976"}],"curies":[{"name":"wp","href":"https:\/\/api.w.org\/{rel}","templated":true}]}}