{"id":971,"date":"2025-09-18T16:25:57","date_gmt":"2025-09-18T14:25:57","guid":{"rendered":"https:\/\/bbdgroup.be\/banque\/"},"modified":"2025-12-17T10:57:27","modified_gmt":"2025-12-17T09:57:27","slug":"banque","status":"publish","type":"page","link":"https:\/\/bbdgroup.be\/fr\/banque\/","title":{"rendered":"Banque"},"content":{"rendered":"\t\t<div data-elementor-type=\"wp-page\" data-elementor-id=\"971\" class=\"elementor elementor-971 elementor-379\" data-elementor-post-type=\"page\">\n\t\t\t\t<div class=\"elementor-element elementor-element-5685669 e-flex e-con-boxed e-con e-parent\" data-id=\"5685669\" data-element_type=\"container\" data-e-type=\"container\" data-settings=\"{&quot;background_background&quot;:&quot;classic&quot;}\">\n\t\t\t\t\t<div class=\"e-con-inner\">\n\t\t\t\t<div class=\"elementor-element elementor-element-e02c7b6 elementor-widget elementor-widget-heading\" data-id=\"e02c7b6\" data-element_type=\"widget\" data-e-type=\"widget\" data-widget_type=\"heading.default\">\n\t\t\t\t<div class=\"elementor-widget-container\">\n\t\t\t\t\t<h1 class=\"elementor-heading-title elementor-size-default\">Des services bancaires en toute confiance et un contact personnel<\/h1>\t\t\t\t<\/div>\n\t\t\t\t<\/div>\n\t\t\t\t\t<\/div>\n\t\t\t\t<\/div>\n\t\t<div class=\"elementor-element elementor-element-b9bcfce e-flex e-con-boxed e-con e-parent\" data-id=\"b9bcfce\" data-element_type=\"container\" data-e-type=\"container\">\n\t\t\t\t\t<div class=\"e-con-inner\">\n\t\t<div class=\"elementor-element elementor-element-7f5e8a1 e-con-full e-flex e-con e-child\" data-id=\"7f5e8a1\" data-element_type=\"container\" data-e-type=\"container\" data-settings=\"{&quot;background_background&quot;:&quot;classic&quot;}\">\n\t\t\t\t<div class=\"elementor-element elementor-element-6c30046 elementor-widget elementor-widget-image\" data-id=\"6c30046\" data-element_type=\"widget\" data-e-type=\"widget\" data-widget_type=\"image.default\">\n\t\t\t\t<div class=\"elementor-widget-container\">\n\t\t\t\t\t\t\t\t\t\t\t\t\t\t\t<img fetchpriority=\"high\" decoding=\"async\" width=\"700\" height=\"472\" src=\"https:\/\/bbdgroup.be\/wp-content\/uploads\/2025\/09\/pexels-fauxels-3182759.jpg\" class=\"attachment-full size-full wp-image-980\" alt=\"\" srcset=\"https:\/\/bbdgroup.be\/wp-content\/uploads\/2025\/09\/pexels-fauxels-3182759.jpg 700w, https:\/\/bbdgroup.be\/wp-content\/uploads\/2025\/09\/pexels-fauxels-3182759-300x202.jpg 300w\" sizes=\"(max-width: 700px) 100vw, 700px\" \/>\t\t\t\t\t\t\t\t\t\t\t\t\t\t\t<\/div>\n\t\t\t\t<\/div>\n\t\t\t\t<\/div>\n\t\t<div class=\"elementor-element elementor-element-e165de4 e-con-full e-flex e-con e-child\" data-id=\"e165de4\" data-element_type=\"container\" data-e-type=\"container\">\n\t\t\t\t<div class=\"elementor-element elementor-element-98178a0 elementor-widget__width-initial elementor-widget elementor-widget-heading\" data-id=\"98178a0\" data-element_type=\"widget\" data-e-type=\"widget\" data-widget_type=\"heading.default\">\n\t\t\t\t<div class=\"elementor-widget-container\">\n\t\t\t\t\t<h2 class=\"elementor-heading-title elementor-size-default\">Baeyens Bosteels &amp; Dender : <span>Des services bancaires adapt\u00e9s \u00e0 vos besoins.<\/span><\/h2>\t\t\t\t<\/div>\n\t\t\t\t<\/div>\n\t\t\t\t<div class=\"elementor-element elementor-element-69e6b42 elementor-widget__width-initial elementor-widget elementor-widget-text-editor\" data-id=\"69e6b42\" data-element_type=\"widget\" data-e-type=\"widget\" data-widget_type=\"text-editor.default\">\n\t\t\t\t<div class=\"elementor-widget-container\">\n\t\t\t\t\t\t\t\t\t<p class=\"p1\">Nous sommes votre <b>agent bancaire Crelan ind\u00e9pendant et engag\u00e9<\/b>. Qu&rsquo;est-ce qui nous distingue ? Notre <g id=\"gid_1\">approche personnelle<\/g> depuis plus de 30 ans. Avec nous, vous n&rsquo;\u00eates pas derri\u00e8re une vitre ; nous vous aidons pour toutes vos op\u00e9rations bancaires, vos pr\u00eats et vos investissements dans un environnement amical et discret.   <\/p><p class=\"p1\">Gr\u00e2ce \u00e0 notre grande accessibilit\u00e9 et \u00e0 la possibilit\u00e9 de prendre rendez-vous en dehors des heures de bureau, nous nous adaptons \u00e0 votre emploi du temps.<\/p><p class=\"p1\">D\u00e9couvrez l&rsquo;offre compl\u00e8te de Crelan et les coordonn\u00e9es de notre bureau ici :<\/p>\t\t\t\t\t\t\t\t<\/div>\n\t\t\t\t<\/div>\n\t\t\t\t<div class=\"elementor-element elementor-element-7728c49 elementor-align-justify elementor-widget__width-initial elementor-widget elementor-widget-button\" data-id=\"7728c49\" data-element_type=\"widget\" data-e-type=\"widget\" data-widget_type=\"button.default\">\n\t\t\t\t<div class=\"elementor-widget-container\">\n\t\t\t\t\t\t\t\t\t<div class=\"elementor-button-wrapper\">\n\t\t\t\t\t<a class=\"elementor-button elementor-button-link elementor-size-sm\" href=\"https:\/\/www.crelan.be\/nl\/particulieren\/kantoor\/hiel-dendermonde\" target=\"_blank\">\n\t\t\t\t\t\t<span class=\"elementor-button-content-wrapper\">\n\t\t\t\t\t\t<span class=\"elementor-button-icon\">\n\t\t\t\t<i aria-hidden=\"true\" class=\"fas fa-long-arrow-alt-right\"><\/i>\t\t\t<\/span>\n\t\t\t\t\t\t\t\t\t<span class=\"elementor-button-text\">Bureau de Termonde<\/span>\n\t\t\t\t\t<\/span>\n\t\t\t\t\t<\/a>\n\t\t\t\t<\/div>\n\t\t\t\t\t\t\t\t<\/div>\n\t\t\t\t<\/div>\n\t\t\t\t<div class=\"elementor-element elementor-element-e2846e2 elementor-align-justify elementor-widget__width-initial elementor-widget elementor-widget-button\" data-id=\"e2846e2\" data-element_type=\"widget\" data-e-type=\"widget\" data-widget_type=\"button.default\">\n\t\t\t\t<div class=\"elementor-widget-container\">\n\t\t\t\t\t\t\t\t\t<div class=\"elementor-button-wrapper\">\n\t\t\t\t\t<a class=\"elementor-button elementor-button-link elementor-size-sm\" href=\"https:\/\/www.crelan.be\/nl\/particulieren\/kantoor\/baeyens-bosteels\" target=\"_blank\">\n\t\t\t\t\t\t<span class=\"elementor-button-content-wrapper\">\n\t\t\t\t\t\t<span class=\"elementor-button-icon\">\n\t\t\t\t<i aria-hidden=\"true\" class=\"fas fa-long-arrow-alt-right\"><\/i>\t\t\t<\/span>\n\t\t\t\t\t\t\t\t\t<span class=\"elementor-button-text\">Bureau Opstal<\/span>\n\t\t\t\t\t<\/span>\n\t\t\t\t\t<\/a>\n\t\t\t\t<\/div>\n\t\t\t\t\t\t\t\t<\/div>\n\t\t\t\t<\/div>\n\t\t\t\t<div class=\"elementor-element elementor-element-ec8be38 elementor-widget elementor-widget-image\" data-id=\"ec8be38\" data-element_type=\"widget\" data-e-type=\"widget\" data-widget_type=\"image.default\">\n\t\t\t\t<div class=\"elementor-widget-container\">\n\t\t\t\t\t\t\t\t\t\t\t\t\t\t\t<img decoding=\"async\" width=\"1024\" height=\"298\" src=\"https:\/\/bbdgroup.be\/wp-content\/uploads\/2025\/12\/Crelan_logo.svg-1024x298.png\" class=\"attachment-large size-large wp-image-997\" alt=\"\" srcset=\"https:\/\/bbdgroup.be\/wp-content\/uploads\/2025\/12\/Crelan_logo.svg-1024x298.png 1024w, https:\/\/bbdgroup.be\/wp-content\/uploads\/2025\/12\/Crelan_logo.svg-300x87.png 300w, https:\/\/bbdgroup.be\/wp-content\/uploads\/2025\/12\/Crelan_logo.svg-768x224.png 768w, https:\/\/bbdgroup.be\/wp-content\/uploads\/2025\/12\/Crelan_logo.svg-1536x448.png 1536w, https:\/\/bbdgroup.be\/wp-content\/uploads\/2025\/12\/Crelan_logo.svg-2048x597.png 2048w\" sizes=\"(max-width: 1024px) 100vw, 1024px\" \/>\t\t\t\t\t\t\t\t\t\t\t\t\t\t\t<\/div>\n\t\t\t\t<\/div>\n\t\t\t\t<\/div>\n\t\t\t\t\t<\/div>\n\t\t\t\t<\/div>\n\t\t\t\t<\/div>\n\t\t","protected":false},"excerpt":{"rendered":"<p>Des services bancaires en toute confiance et un contact personnel Baeyens Bosteels &amp; Dender : Des services bancaires adapt\u00e9s \u00e0 vos besoins. Nous sommes votre agent bancaire Crelan ind\u00e9pendant et engag\u00e9. Qu&rsquo;est-ce qui nous distingue ? Notre approche personnelle depuis plus de 30 ans. Avec nous, vous n&rsquo;\u00eates pas derri\u00e8re une vitre ; nous vous [&hellip;]<\/p>\n","protected":false},"author":4,"featured_media":949,"parent":0,"menu_order":0,"comment_status":"closed","ping_status":"closed","template":"","meta":{"footnotes":""},"class_list":["post-971","page","type-page","status-publish","has-post-thumbnail","hentry"],"yoast_head":"<!-- This site is optimized with the Yoast SEO plugin v27.3 - https:\/\/yoast.com\/product\/yoast-seo-wordpress\/ -->\n<title>Services bancaires et financiers - Baeyens Bosteels &amp; Dender<\/title>\n<meta name=\"description\" content=\"Des solutions bancaires et des conseils financiers fiables pour les particuliers et les PME. BB&amp;D vous guide en toute s\u00e9curit\u00e9 dans tous vos choix financiers.\" \/>\n<meta name=\"robots\" content=\"index, follow, max-snippet:-1, max-image-preview:large, max-video-preview:-1\" \/>\n<link rel=\"canonical\" href=\"https:\/\/bbdgroup.be\/fr\/banque\/\" \/>\n<meta property=\"og:locale\" content=\"fr_FR\" \/>\n<meta property=\"og:type\" content=\"article\" \/>\n<meta property=\"og:title\" content=\"Services bancaires et financiers - Baeyens Bosteels &amp; Dender\" \/>\n<meta property=\"og:description\" content=\"Des solutions bancaires et des conseils financiers fiables pour les particuliers et les PME. BB&amp;D vous guide en toute s\u00e9curit\u00e9 dans tous vos choix financiers.\" \/>\n<meta property=\"og:url\" content=\"https:\/\/bbdgroup.be\/fr\/banque\/\" \/>\n<meta property=\"og:site_name\" content=\"Baeyens Bosteels &amp; Dender\" \/>\n<meta property=\"article:modified_time\" content=\"2025-12-17T09:57:27+00:00\" \/>\n<meta property=\"og:image\" content=\"https:\/\/bbdgroup.be\/wp-content\/uploads\/2025\/09\/executive-with-crossed-arms-looking-computer-scaled.webp\" \/>\n\t<meta property=\"og:image:width\" content=\"2560\" \/>\n\t<meta property=\"og:image:height\" content=\"1681\" \/>\n\t<meta property=\"og:image:type\" content=\"image\/webp\" \/>\n<meta name=\"twitter:card\" content=\"summary_large_image\" \/>\n<meta name=\"twitter:label1\" content=\"Dur\u00e9e de lecture estim\u00e9e\" \/>\n\t<meta name=\"twitter:data1\" content=\"1 minute\" \/>\n<script type=\"application\/ld+json\" class=\"yoast-schema-graph\">{\"@context\":\"https:\\\/\\\/schema.org\",\"@graph\":[{\"@type\":\"WebPage\",\"@id\":\"https:\\\/\\\/bbdgroup.be\\\/fr\\\/banque\\\/\",\"url\":\"https:\\\/\\\/bbdgroup.be\\\/fr\\\/banque\\\/\",\"name\":\"Services bancaires et financiers - Baeyens Bosteels &amp; Dender\",\"isPartOf\":{\"@id\":\"https:\\\/\\\/baeyens-bosteels.be\\\/#website\"},\"primaryImageOfPage\":{\"@id\":\"https:\\\/\\\/bbdgroup.be\\\/fr\\\/banque\\\/#primaryimage\"},\"image\":{\"@id\":\"https:\\\/\\\/bbdgroup.be\\\/fr\\\/banque\\\/#primaryimage\"},\"thumbnailUrl\":\"https:\\\/\\\/bbdgroup.be\\\/wp-content\\\/uploads\\\/2025\\\/09\\\/executive-with-crossed-arms-looking-computer-scaled.webp\",\"datePublished\":\"2025-09-18T14:25:57+00:00\",\"dateModified\":\"2025-12-17T09:57:27+00:00\",\"description\":\"Des solutions bancaires et des conseils financiers fiables pour les particuliers et les PME. BB&D vous guide en toute s\u00e9curit\u00e9 dans tous vos choix financiers.\",\"breadcrumb\":{\"@id\":\"https:\\\/\\\/bbdgroup.be\\\/fr\\\/banque\\\/#breadcrumb\"},\"inLanguage\":\"fr-FR\",\"potentialAction\":[{\"@type\":\"ReadAction\",\"target\":[\"https:\\\/\\\/bbdgroup.be\\\/fr\\\/banque\\\/\"]}]},{\"@type\":\"ImageObject\",\"inLanguage\":\"fr-FR\",\"@id\":\"https:\\\/\\\/bbdgroup.be\\\/fr\\\/banque\\\/#primaryimage\",\"url\":\"https:\\\/\\\/bbdgroup.be\\\/wp-content\\\/uploads\\\/2025\\\/09\\\/executive-with-crossed-arms-looking-computer-scaled.webp\",\"contentUrl\":\"https:\\\/\\\/bbdgroup.be\\\/wp-content\\\/uploads\\\/2025\\\/09\\\/executive-with-crossed-arms-looking-computer-scaled.webp\",\"width\":2560,\"height\":1681},{\"@type\":\"BreadcrumbList\",\"@id\":\"https:\\\/\\\/bbdgroup.be\\\/fr\\\/banque\\\/#breadcrumb\",\"itemListElement\":[{\"@type\":\"ListItem\",\"position\":1,\"name\":\"Accueil\",\"item\":\"https:\\\/\\\/bbdgroup.be\\\/fr\\\/\"},{\"@type\":\"ListItem\",\"position\":2,\"name\":\"Banque\"}]},{\"@type\":\"WebSite\",\"@id\":\"https:\\\/\\\/baeyens-bosteels.be\\\/#website\",\"url\":\"https:\\\/\\\/baeyens-bosteels.be\\\/\",\"name\":\"Baeyens Bosteels &amp; Dender\",\"description\":\"\",\"publisher\":{\"@id\":\"https:\\\/\\\/baeyens-bosteels.be\\\/#organization\"},\"potentialAction\":[{\"@type\":\"SearchAction\",\"target\":{\"@type\":\"EntryPoint\",\"urlTemplate\":\"https:\\\/\\\/baeyens-bosteels.be\\\/?s={search_term_string}\"},\"query-input\":{\"@type\":\"PropertyValueSpecification\",\"valueRequired\":true,\"valueName\":\"search_term_string\"}}],\"inLanguage\":\"fr-FR\"},{\"@type\":\"Organization\",\"@id\":\"https:\\\/\\\/baeyens-bosteels.be\\\/#organization\",\"name\":\"Baeyens Bosteels &amp; Dender\",\"url\":\"https:\\\/\\\/baeyens-bosteels.be\\\/\",\"logo\":{\"@type\":\"ImageObject\",\"inLanguage\":\"fr-FR\",\"@id\":\"https:\\\/\\\/baeyens-bosteels.be\\\/#\\\/schema\\\/logo\\\/image\\\/\",\"url\":\"https:\\\/\\\/bbdgroup.be\\\/wp-content\\\/uploads\\\/2022\\\/07\\\/BBD-Beeldmerk-RGB-Gold.svg\",\"contentUrl\":\"https:\\\/\\\/bbdgroup.be\\\/wp-content\\\/uploads\\\/2022\\\/07\\\/BBD-Beeldmerk-RGB-Gold.svg\",\"caption\":\"Baeyens Bosteels &amp; Dender\"},\"image\":{\"@id\":\"https:\\\/\\\/baeyens-bosteels.be\\\/#\\\/schema\\\/logo\\\/image\\\/\"}}]}<\/script>\n<!-- \/ Yoast SEO plugin. -->","yoast_head_json":{"title":"Services bancaires et financiers - Baeyens Bosteels &amp; Dender","description":"Des solutions bancaires et des conseils financiers fiables pour les particuliers et les PME. BB&D vous guide en toute s\u00e9curit\u00e9 dans tous vos choix financiers.","robots":{"index":"index","follow":"follow","max-snippet":"max-snippet:-1","max-image-preview":"max-image-preview:large","max-video-preview":"max-video-preview:-1"},"canonical":"https:\/\/bbdgroup.be\/fr\/banque\/","og_locale":"fr_FR","og_type":"article","og_title":"Services bancaires et financiers - Baeyens Bosteels &amp; Dender","og_description":"Des solutions bancaires et des conseils financiers fiables pour les particuliers et les PME. BB&D vous guide en toute s\u00e9curit\u00e9 dans tous vos choix financiers.","og_url":"https:\/\/bbdgroup.be\/fr\/banque\/","og_site_name":"Baeyens Bosteels &amp; Dender","article_modified_time":"2025-12-17T09:57:27+00:00","og_image":[{"width":2560,"height":1681,"url":"https:\/\/bbdgroup.be\/wp-content\/uploads\/2025\/09\/executive-with-crossed-arms-looking-computer-scaled.webp","type":"image\/webp"}],"twitter_card":"summary_large_image","twitter_misc":{"Dur\u00e9e de lecture estim\u00e9e":"1 minute"},"schema":{"@context":"https:\/\/schema.org","@graph":[{"@type":"WebPage","@id":"https:\/\/bbdgroup.be\/fr\/banque\/","url":"https:\/\/bbdgroup.be\/fr\/banque\/","name":"Services bancaires et financiers - Baeyens Bosteels &amp; Dender","isPartOf":{"@id":"https:\/\/baeyens-bosteels.be\/#website"},"primaryImageOfPage":{"@id":"https:\/\/bbdgroup.be\/fr\/banque\/#primaryimage"},"image":{"@id":"https:\/\/bbdgroup.be\/fr\/banque\/#primaryimage"},"thumbnailUrl":"https:\/\/bbdgroup.be\/wp-content\/uploads\/2025\/09\/executive-with-crossed-arms-looking-computer-scaled.webp","datePublished":"2025-09-18T14:25:57+00:00","dateModified":"2025-12-17T09:57:27+00:00","description":"Des solutions bancaires et des conseils financiers fiables pour les particuliers et les PME. BB&D vous guide en toute s\u00e9curit\u00e9 dans tous vos choix financiers.","breadcrumb":{"@id":"https:\/\/bbdgroup.be\/fr\/banque\/#breadcrumb"},"inLanguage":"fr-FR","potentialAction":[{"@type":"ReadAction","target":["https:\/\/bbdgroup.be\/fr\/banque\/"]}]},{"@type":"ImageObject","inLanguage":"fr-FR","@id":"https:\/\/bbdgroup.be\/fr\/banque\/#primaryimage","url":"https:\/\/bbdgroup.be\/wp-content\/uploads\/2025\/09\/executive-with-crossed-arms-looking-computer-scaled.webp","contentUrl":"https:\/\/bbdgroup.be\/wp-content\/uploads\/2025\/09\/executive-with-crossed-arms-looking-computer-scaled.webp","width":2560,"height":1681},{"@type":"BreadcrumbList","@id":"https:\/\/bbdgroup.be\/fr\/banque\/#breadcrumb","itemListElement":[{"@type":"ListItem","position":1,"name":"Accueil","item":"https:\/\/bbdgroup.be\/fr\/"},{"@type":"ListItem","position":2,"name":"Banque"}]},{"@type":"WebSite","@id":"https:\/\/baeyens-bosteels.be\/#website","url":"https:\/\/baeyens-bosteels.be\/","name":"Baeyens Bosteels &amp; Dender","description":"","publisher":{"@id":"https:\/\/baeyens-bosteels.be\/#organization"},"potentialAction":[{"@type":"SearchAction","target":{"@type":"EntryPoint","urlTemplate":"https:\/\/baeyens-bosteels.be\/?s={search_term_string}"},"query-input":{"@type":"PropertyValueSpecification","valueRequired":true,"valueName":"search_term_string"}}],"inLanguage":"fr-FR"},{"@type":"Organization","@id":"https:\/\/baeyens-bosteels.be\/#organization","name":"Baeyens Bosteels &amp; Dender","url":"https:\/\/baeyens-bosteels.be\/","logo":{"@type":"ImageObject","inLanguage":"fr-FR","@id":"https:\/\/baeyens-bosteels.be\/#\/schema\/logo\/image\/","url":"https:\/\/bbdgroup.be\/wp-content\/uploads\/2022\/07\/BBD-Beeldmerk-RGB-Gold.svg","contentUrl":"https:\/\/bbdgroup.be\/wp-content\/uploads\/2022\/07\/BBD-Beeldmerk-RGB-Gold.svg","caption":"Baeyens Bosteels &amp; Dender"},"image":{"@id":"https:\/\/baeyens-bosteels.be\/#\/schema\/logo\/image\/"}}]}},"_links":{"self":[{"href":"https:\/\/bbdgroup.be\/fr\/wp-json\/wp\/v2\/pages\/971","targetHints":{"allow":["GET"]}}],"collection":[{"href":"https:\/\/bbdgroup.be\/fr\/wp-json\/wp\/v2\/pages"}],"about":[{"href":"https:\/\/bbdgroup.be\/fr\/wp-json\/wp\/v2\/types\/page"}],"author":[{"embeddable":true,"href":"https:\/\/bbdgroup.be\/fr\/wp-json\/wp\/v2\/users\/4"}],"replies":[{"embeddable":true,"href":"https:\/\/bbdgroup.be\/fr\/wp-json\/wp\/v2\/comments?post=971"}],"version-history":[{"count":2,"href":"https:\/\/bbdgroup.be\/fr\/wp-json\/wp\/v2\/pages\/971\/revisions"}],"predecessor-version":[{"id":1253,"href":"https:\/\/bbdgroup.be\/fr\/wp-json\/wp\/v2\/pages\/971\/revisions\/1253"}],"wp:featuredmedia":[{"embeddable":true,"href":"https:\/\/bbdgroup.be\/fr\/wp-json\/wp\/v2\/media\/949"}],"wp:attachment":[{"href":"https:\/\/bbdgroup.be\/fr\/wp-json\/wp\/v2\/media?parent=971"}],"curies":[{"name":"wp","href":"https:\/\/api.w.org\/{rel}","templated":true}]}}