{"id":968,"date":"2025-11-26T10:30:10","date_gmt":"2025-11-26T09:30:10","guid":{"rendered":"https:\/\/bbdgroup.be\/votre-attrait\/"},"modified":"2026-02-11T09:50:28","modified_gmt":"2026-02-11T08:50:28","slug":"votre-attrait","status":"publish","type":"page","link":"https:\/\/bbdgroup.be\/fr\/juste\/votre-attrait\/","title":{"rendered":"Votre attraction"},"content":{"rendered":"\t\t<div data-elementor-type=\"wp-page\" data-elementor-id=\"968\" class=\"elementor elementor-968 elementor-659\" data-elementor-post-type=\"page\">\n\t\t\t\t<div class=\"elementor-element elementor-element-ba4cda2 e-flex e-con-boxed e-con e-parent\" data-id=\"ba4cda2\" data-element_type=\"container\" data-e-type=\"container\" data-settings=\"{&quot;background_background&quot;:&quot;classic&quot;}\">\n\t\t\t\t\t<div class=\"e-con-inner\">\n\t\t\t\t<div class=\"elementor-element elementor-element-d365d02 elementor-widget elementor-widget-heading\" data-id=\"d365d02\" data-element_type=\"widget\" data-e-type=\"widget\" data-widget_type=\"heading.default\">\n\t\t\t\t<div class=\"elementor-widget-container\">\n\t\t\t\t\t<h1 class=\"elementor-heading-title elementor-size-default\">Votre attraction<\/h1>\t\t\t\t<\/div>\n\t\t\t\t<\/div>\n\t\t\t\t\t<\/div>\n\t\t\t\t<\/div>\n\t\t<div class=\"elementor-element elementor-element-9cecdb5 e-flex e-con-boxed e-con e-parent\" data-id=\"9cecdb5\" data-element_type=\"container\" data-e-type=\"container\">\n\t\t\t\t\t<div class=\"e-con-inner\">\n\t\t<div class=\"elementor-element elementor-element-7632dc1 e-con-full e-flex e-con e-child\" data-id=\"7632dc1\" data-element_type=\"container\" data-e-type=\"container\" data-settings=\"{&quot;background_background&quot;:&quot;classic&quot;}\">\n\t\t\t\t<div class=\"elementor-element elementor-element-a37e22c elementor-widget elementor-widget-image\" data-id=\"a37e22c\" data-element_type=\"widget\" data-e-type=\"widget\" data-widget_type=\"image.default\">\n\t\t\t\t<div class=\"elementor-widget-container\">\n\t\t\t\t\t\t\t\t\t\t\t\t\t\t\t<img fetchpriority=\"high\" decoding=\"async\" width=\"1000\" height=\"667\" src=\"https:\/\/bbdgroup.be\/wp-content\/uploads\/2025\/11\/3860.webp\" class=\"attachment-full size-full wp-image-969\" alt=\"\" srcset=\"https:\/\/bbdgroup.be\/wp-content\/uploads\/2025\/11\/3860.webp 1000w, https:\/\/bbdgroup.be\/wp-content\/uploads\/2025\/11\/3860-300x200.webp 300w, https:\/\/bbdgroup.be\/wp-content\/uploads\/2025\/11\/3860-768x512.webp 768w\" sizes=\"(max-width: 1000px) 100vw, 1000px\" \/>\t\t\t\t\t\t\t\t\t\t\t\t\t\t\t<\/div>\n\t\t\t\t<\/div>\n\t\t\t\t<\/div>\n\t\t<div class=\"elementor-element elementor-element-c1c8cc5 e-con-full e-flex e-con e-child\" data-id=\"c1c8cc5\" data-element_type=\"container\" data-e-type=\"container\">\n\t\t\t\t<div class=\"elementor-element elementor-element-5ee5f9d elementor-widget__width-initial elementor-widget elementor-widget-text-editor\" data-id=\"5ee5f9d\" data-element_type=\"widget\" data-e-type=\"widget\" data-widget_type=\"text-editor.default\">\n\t\t\t\t<div class=\"elementor-widget-container\">\n\t\t\t\t\t\t\t\t\t<p class=\"p1\">Votre <b>stand ou votre attraction<\/b> est votre revenu. Il m\u00e9rite une assurance sp\u00e9cialis\u00e9e qui prenne r\u00e9ellement en compte votre profession mobile. <\/p><p class=\"p1\"><b>Couverture unique : temps d&rsquo;arr\u00eat et sur la route<\/b><\/p><p class=\"p1\">Notre <b>police incendie<\/b> est con\u00e7ue sp\u00e9cifiquement pour votre m\u00e9tier. La couverture est valable pour votre attraction et son contenu :<\/p><ul class=\"ul1\"><li class=\"li1\">A travers la <b>Belgique<\/b>.<\/li><li class=\"li1\">Jusqu&rsquo;\u00e0 <b>200 km au-del\u00e0 de la fronti\u00e8re<\/b> dans les pays voisins (Pays-Bas, Luxembourg, Allemagne et France).<\/li><li class=\"li1\">Pour la plupart des garanties, <b>\u00e0 l&rsquo;arr\u00eat comme en mouvement<\/b>.<\/li><\/ul><p class=\"p1\">La base du contrat est la garantie <b>\"incendie\"<\/b>. Celle-ci comprend les <g id=\"gid_1\">dommages cons\u00e9cutifs que<\/g> vous causez aux biens de tiers (coll\u00e8gues, habitations, v\u00e9hicules, biens communaux, etc.) Ces derniers ne sont <b>pas limit\u00e9s<\/b> au capital assur\u00e9 de votre propre attraction.  <\/p>\t\t\t\t\t\t\t\t<\/div>\n\t\t\t\t<\/div>\n\t\t\t\t<div class=\"elementor-element elementor-element-bd1f484 elementor-widget elementor-widget-button\" data-id=\"bd1f484\" data-element_type=\"widget\" data-e-type=\"widget\" data-widget_type=\"button.default\">\n\t\t\t\t<div class=\"elementor-widget-container\">\n\t\t\t\t\t\t\t\t\t<div class=\"elementor-button-wrapper\">\n\t\t\t\t\t<a class=\"elementor-button elementor-button-link elementor-size-sm\" href=\"https:\/\/bbdgroup.be\/fr\/contact\/\">\n\t\t\t\t\t\t<span class=\"elementor-button-content-wrapper\">\n\t\t\t\t\t\t<span class=\"elementor-button-icon\">\n\t\t\t\t<i aria-hidden=\"true\" class=\"fas fa-long-arrow-alt-right\"><\/i>\t\t\t<\/span>\n\t\t\t\t\t\t\t\t\t<span class=\"elementor-button-text\">Prenez contact avec nous<\/span>\n\t\t\t\t\t<\/span>\n\t\t\t\t\t<\/a>\n\t\t\t\t<\/div>\n\t\t\t\t\t\t\t\t<\/div>\n\t\t\t\t<\/div>\n\t\t\t\t<\/div>\n\t\t\t\t\t<\/div>\n\t\t\t\t<\/div>\n\t\t<div class=\"elementor-element elementor-element-1263294 e-flex e-con-boxed e-con e-parent\" data-id=\"1263294\" data-element_type=\"container\" data-e-type=\"container\">\n\t\t\t\t\t<div class=\"e-con-inner\">\n\t\t<div class=\"elementor-element elementor-element-c424013 e-con-full e-flex e-con e-child\" data-id=\"c424013\" data-element_type=\"container\" data-e-type=\"container\">\n\t\t\t\t<div class=\"elementor-element elementor-element-c301289 elementor-widget__width-initial elementor-widget elementor-widget-text-editor\" data-id=\"c301289\" data-element_type=\"widget\" data-e-type=\"widget\" data-widget_type=\"text-editor.default\">\n\t\t\t\t<div class=\"elementor-widget-container\">\n\t\t\t\t\t\t\t\t\t<p class=\"p1\"><b>Choix de garanties suppl\u00e9mentaires<\/b><\/p>\n<p class=\"p1\">Vous d\u00e9cidez des garanties que vous ajoutez \u00e0 la couverture de base, par exemple<\/p>\n<ul class=\"ul1\">\n<li class=\"li1\"><b>Temp\u00eate et gr\u00eale<\/b> (uniquement possible pour les attractions ferm\u00e9es).<\/li>\n<li class=\"li1\"><b>Risque \u00e9lectrique<\/b> (surtension, court-circuit, mauvais branchement, etc.).<\/li>\n<li class=\"li1\"><b>Panne de la machine<\/b>.<\/li>\n<li class=\"li1\"><b>Collision<\/b> avec une contrepartie connue.<\/li>\n<li class=\"li1\"><b>Pertes indirectes<\/b>.<\/li>\n<li class=\"li1\"><b>Co\u00fbts d&rsquo;expertise<\/b>.<\/li>\n<li class=\"li1\"><b>les catastrophes naturelles<\/b> (y compris les inondations).<\/li>\n<\/ul>\n<p class=\"p1\">Nous assurons les <b>caravanes et les mobil-homes<\/b> aux m\u00eames conditions, la garantie <b>catastrophes naturelles<\/b> \u00e9tant toujours incluse et <b>gratuite<\/b>.<\/p>\n<p class=\"p1\"><b>Service et acceptation<\/b><\/p>\n<ul class=\"ul1\">\n<li class=\"li1\">En cas de dommages, nous travaillons avec des experts r\u00e9guliers qui connaissent bien le monde des foires et qui se rendront sur votre emplacement.<\/li>\n<li class=\"li1\">Notre contrat est accept\u00e9 par toutes les villes et communes pour l&rsquo;obtention de terrains.<\/li>\n<li class=\"li1\">La franchise normale de l&rsquo;assurance incendie s&rsquo;applique \u00e0 la plupart des garanties.<\/li>\n<\/ul>\t\t\t\t\t\t\t\t<\/div>\n\t\t\t\t<\/div>\n\t\t\t\t<div class=\"elementor-element elementor-element-f74de5e elementor-widget elementor-widget-button\" data-id=\"f74de5e\" data-element_type=\"widget\" data-e-type=\"widget\" data-widget_type=\"button.default\">\n\t\t\t\t<div class=\"elementor-widget-container\">\n\t\t\t\t\t\t\t\t\t<div class=\"elementor-button-wrapper\">\n\t\t\t\t\t<a class=\"elementor-button elementor-button-link elementor-size-sm\" href=\"https:\/\/bbdgroup.be\/fr\/contact\/\">\n\t\t\t\t\t\t<span class=\"elementor-button-content-wrapper\">\n\t\t\t\t\t\t<span class=\"elementor-button-icon\">\n\t\t\t\t<i aria-hidden=\"true\" class=\"fas fa-long-arrow-alt-right\"><\/i>\t\t\t<\/span>\n\t\t\t\t\t\t\t\t\t<span class=\"elementor-button-text\">Prenez contact avec nous<\/span>\n\t\t\t\t\t<\/span>\n\t\t\t\t\t<\/a>\n\t\t\t\t<\/div>\n\t\t\t\t\t\t\t\t<\/div>\n\t\t\t\t<\/div>\n\t\t\t\t<\/div>\n\t\t<div class=\"elementor-element elementor-element-4cf2bae e-con-full e-flex e-con e-child\" data-id=\"4cf2bae\" data-element_type=\"container\" data-e-type=\"container\" data-settings=\"{&quot;background_background&quot;:&quot;classic&quot;}\">\n\t\t\t\t<div class=\"elementor-element elementor-element-2fff294 elementor-widget elementor-widget-image\" data-id=\"2fff294\" data-element_type=\"widget\" data-e-type=\"widget\" data-widget_type=\"image.default\">\n\t\t\t\t<div class=\"elementor-widget-container\">\n\t\t\t\t\t\t\t\t\t\t\t\t\t\t\t<img decoding=\"async\" width=\"1000\" height=\"750\" src=\"https:\/\/bbdgroup.be\/wp-content\/uploads\/2025\/11\/5922520.webp\" class=\"attachment-full size-full wp-image-946\" alt=\"\" srcset=\"https:\/\/bbdgroup.be\/wp-content\/uploads\/2025\/11\/5922520.webp 1000w, https:\/\/bbdgroup.be\/wp-content\/uploads\/2025\/11\/5922520-300x225.webp 300w, https:\/\/bbdgroup.be\/wp-content\/uploads\/2025\/11\/5922520-768x576.webp 768w\" sizes=\"(max-width: 1000px) 100vw, 1000px\" \/>\t\t\t\t\t\t\t\t\t\t\t\t\t\t\t<\/div>\n\t\t\t\t<\/div>\n\t\t\t\t<\/div>\n\t\t\t\t\t<\/div>\n\t\t\t\t<\/div>\n\t\t\t\t<\/div>\n\t\t","protected":false},"excerpt":{"rendered":"<p>Votre attraction Votre stand ou votre attraction est votre revenu. Il m\u00e9rite une assurance sp\u00e9cialis\u00e9e qui prenne r\u00e9ellement en compte votre profession mobile. Couverture unique : temps d&rsquo;arr\u00eat et sur la route Notre police incendie est con\u00e7ue sp\u00e9cifiquement pour votre m\u00e9tier. La couverture est valable pour votre attraction et son contenu : A travers la [&hellip;]<\/p>\n","protected":false},"author":4,"featured_media":969,"parent":1003,"menu_order":0,"comment_status":"closed","ping_status":"closed","template":"","meta":{"footnotes":""},"class_list":["post-968","page","type-page","status-publish","has-post-thumbnail","hentry"],"yoast_head":"<!-- This site is optimized with the Yoast SEO plugin v27.3 - https:\/\/yoast.com\/product\/yoast-seo-wordpress\/ -->\n<title>Assurance incendie pour les attractions foraines - Baeyens Bosteels &amp; Dender.<\/title>\n<meta name=\"description\" content=\"Assurance sur mesure pour les attractions foraines : couverture en cas d&#039;immobilisation et de d\u00e9placement, en Belgique et dans la r\u00e9gion frontali\u00e8re.\" \/>\n<meta name=\"robots\" content=\"index, follow, max-snippet:-1, max-image-preview:large, max-video-preview:-1\" \/>\n<link rel=\"canonical\" href=\"https:\/\/bbdgroup.be\/fr\/juste\/votre-attrait\/\" \/>\n<meta property=\"og:locale\" content=\"fr_FR\" \/>\n<meta property=\"og:type\" content=\"article\" \/>\n<meta property=\"og:title\" content=\"Assurance incendie pour les attractions foraines - Baeyens Bosteels &amp; Dender.\" \/>\n<meta property=\"og:description\" content=\"Assurance sur mesure pour les attractions foraines : couverture en cas d&#039;immobilisation et de d\u00e9placement, en Belgique et dans la r\u00e9gion frontali\u00e8re.\" \/>\n<meta property=\"og:url\" content=\"https:\/\/bbdgroup.be\/fr\/juste\/votre-attrait\/\" \/>\n<meta property=\"og:site_name\" content=\"Baeyens Bosteels &amp; Dender\" \/>\n<meta property=\"article:modified_time\" content=\"2026-02-11T08:50:28+00:00\" \/>\n<meta property=\"og:image\" content=\"https:\/\/bbdgroup.be\/wp-content\/uploads\/2025\/11\/3860.webp\" \/>\n\t<meta property=\"og:image:width\" content=\"1000\" \/>\n\t<meta property=\"og:image:height\" content=\"667\" \/>\n\t<meta property=\"og:image:type\" content=\"image\/webp\" \/>\n<meta name=\"twitter:card\" content=\"summary_large_image\" \/>\n<meta name=\"twitter:label1\" content=\"Dur\u00e9e de lecture estim\u00e9e\" \/>\n\t<meta name=\"twitter:data1\" content=\"1 minute\" \/>\n<script type=\"application\/ld+json\" class=\"yoast-schema-graph\">{\"@context\":\"https:\\\/\\\/schema.org\",\"@graph\":[{\"@type\":\"WebPage\",\"@id\":\"https:\\\/\\\/bbdgroup.be\\\/fr\\\/juste\\\/votre-attrait\\\/\",\"url\":\"https:\\\/\\\/bbdgroup.be\\\/fr\\\/juste\\\/votre-attrait\\\/\",\"name\":\"Assurance incendie pour les attractions foraines - Baeyens Bosteels &amp; Dender.\",\"isPartOf\":{\"@id\":\"https:\\\/\\\/baeyens-bosteels.be\\\/#website\"},\"primaryImageOfPage\":{\"@id\":\"https:\\\/\\\/bbdgroup.be\\\/fr\\\/juste\\\/votre-attrait\\\/#primaryimage\"},\"image\":{\"@id\":\"https:\\\/\\\/bbdgroup.be\\\/fr\\\/juste\\\/votre-attrait\\\/#primaryimage\"},\"thumbnailUrl\":\"https:\\\/\\\/bbdgroup.be\\\/wp-content\\\/uploads\\\/2025\\\/11\\\/3860.webp\",\"datePublished\":\"2025-11-26T09:30:10+00:00\",\"dateModified\":\"2026-02-11T08:50:28+00:00\",\"description\":\"Assurance sur mesure pour les attractions foraines : couverture en cas d'immobilisation et de d\u00e9placement, en Belgique et dans la r\u00e9gion frontali\u00e8re.\",\"breadcrumb\":{\"@id\":\"https:\\\/\\\/bbdgroup.be\\\/fr\\\/juste\\\/votre-attrait\\\/#breadcrumb\"},\"inLanguage\":\"fr-FR\",\"potentialAction\":[{\"@type\":\"ReadAction\",\"target\":[\"https:\\\/\\\/bbdgroup.be\\\/fr\\\/juste\\\/votre-attrait\\\/\"]}]},{\"@type\":\"ImageObject\",\"inLanguage\":\"fr-FR\",\"@id\":\"https:\\\/\\\/bbdgroup.be\\\/fr\\\/juste\\\/votre-attrait\\\/#primaryimage\",\"url\":\"https:\\\/\\\/bbdgroup.be\\\/wp-content\\\/uploads\\\/2025\\\/11\\\/3860.webp\",\"contentUrl\":\"https:\\\/\\\/bbdgroup.be\\\/wp-content\\\/uploads\\\/2025\\\/11\\\/3860.webp\",\"width\":1000,\"height\":667},{\"@type\":\"BreadcrumbList\",\"@id\":\"https:\\\/\\\/bbdgroup.be\\\/fr\\\/juste\\\/votre-attrait\\\/#breadcrumb\",\"itemListElement\":[{\"@type\":\"ListItem\",\"position\":1,\"name\":\"Accueil\",\"item\":\"https:\\\/\\\/bbdgroup.be\\\/fr\\\/\"},{\"@type\":\"ListItem\",\"position\":2,\"name\":\"Foire\",\"item\":\"https:\\\/\\\/bbdgroup.be\\\/fr\\\/kermis\\\/\"},{\"@type\":\"ListItem\",\"position\":3,\"name\":\"Votre attraction\"}]},{\"@type\":\"WebSite\",\"@id\":\"https:\\\/\\\/baeyens-bosteels.be\\\/#website\",\"url\":\"https:\\\/\\\/baeyens-bosteels.be\\\/\",\"name\":\"Baeyens Bosteels &amp; Dender\",\"description\":\"\",\"publisher\":{\"@id\":\"https:\\\/\\\/baeyens-bosteels.be\\\/#organization\"},\"potentialAction\":[{\"@type\":\"SearchAction\",\"target\":{\"@type\":\"EntryPoint\",\"urlTemplate\":\"https:\\\/\\\/baeyens-bosteels.be\\\/?s={search_term_string}\"},\"query-input\":{\"@type\":\"PropertyValueSpecification\",\"valueRequired\":true,\"valueName\":\"search_term_string\"}}],\"inLanguage\":\"fr-FR\"},{\"@type\":\"Organization\",\"@id\":\"https:\\\/\\\/baeyens-bosteels.be\\\/#organization\",\"name\":\"Baeyens Bosteels &amp; Dender\",\"url\":\"https:\\\/\\\/baeyens-bosteels.be\\\/\",\"logo\":{\"@type\":\"ImageObject\",\"inLanguage\":\"fr-FR\",\"@id\":\"https:\\\/\\\/baeyens-bosteels.be\\\/#\\\/schema\\\/logo\\\/image\\\/\",\"url\":\"https:\\\/\\\/bbdgroup.be\\\/wp-content\\\/uploads\\\/2022\\\/07\\\/BBD-Beeldmerk-RGB-Gold.svg\",\"contentUrl\":\"https:\\\/\\\/bbdgroup.be\\\/wp-content\\\/uploads\\\/2022\\\/07\\\/BBD-Beeldmerk-RGB-Gold.svg\",\"caption\":\"Baeyens Bosteels &amp; Dender\"},\"image\":{\"@id\":\"https:\\\/\\\/baeyens-bosteels.be\\\/#\\\/schema\\\/logo\\\/image\\\/\"}}]}<\/script>\n<!-- \/ Yoast SEO plugin. -->","yoast_head_json":{"title":"Assurance incendie pour les attractions foraines - Baeyens Bosteels &amp; Dender.","description":"Assurance sur mesure pour les attractions foraines : couverture en cas d'immobilisation et de d\u00e9placement, en Belgique et dans la r\u00e9gion frontali\u00e8re.","robots":{"index":"index","follow":"follow","max-snippet":"max-snippet:-1","max-image-preview":"max-image-preview:large","max-video-preview":"max-video-preview:-1"},"canonical":"https:\/\/bbdgroup.be\/fr\/juste\/votre-attrait\/","og_locale":"fr_FR","og_type":"article","og_title":"Assurance incendie pour les attractions foraines - Baeyens Bosteels &amp; Dender.","og_description":"Assurance sur mesure pour les attractions foraines : couverture en cas d'immobilisation et de d\u00e9placement, en Belgique et dans la r\u00e9gion frontali\u00e8re.","og_url":"https:\/\/bbdgroup.be\/fr\/juste\/votre-attrait\/","og_site_name":"Baeyens Bosteels &amp; Dender","article_modified_time":"2026-02-11T08:50:28+00:00","og_image":[{"width":1000,"height":667,"url":"https:\/\/bbdgroup.be\/wp-content\/uploads\/2025\/11\/3860.webp","type":"image\/webp"}],"twitter_card":"summary_large_image","twitter_misc":{"Dur\u00e9e de lecture estim\u00e9e":"1 minute"},"schema":{"@context":"https:\/\/schema.org","@graph":[{"@type":"WebPage","@id":"https:\/\/bbdgroup.be\/fr\/juste\/votre-attrait\/","url":"https:\/\/bbdgroup.be\/fr\/juste\/votre-attrait\/","name":"Assurance incendie pour les attractions foraines - Baeyens Bosteels &amp; Dender.","isPartOf":{"@id":"https:\/\/baeyens-bosteels.be\/#website"},"primaryImageOfPage":{"@id":"https:\/\/bbdgroup.be\/fr\/juste\/votre-attrait\/#primaryimage"},"image":{"@id":"https:\/\/bbdgroup.be\/fr\/juste\/votre-attrait\/#primaryimage"},"thumbnailUrl":"https:\/\/bbdgroup.be\/wp-content\/uploads\/2025\/11\/3860.webp","datePublished":"2025-11-26T09:30:10+00:00","dateModified":"2026-02-11T08:50:28+00:00","description":"Assurance sur mesure pour les attractions foraines : couverture en cas d'immobilisation et de d\u00e9placement, en Belgique et dans la r\u00e9gion frontali\u00e8re.","breadcrumb":{"@id":"https:\/\/bbdgroup.be\/fr\/juste\/votre-attrait\/#breadcrumb"},"inLanguage":"fr-FR","potentialAction":[{"@type":"ReadAction","target":["https:\/\/bbdgroup.be\/fr\/juste\/votre-attrait\/"]}]},{"@type":"ImageObject","inLanguage":"fr-FR","@id":"https:\/\/bbdgroup.be\/fr\/juste\/votre-attrait\/#primaryimage","url":"https:\/\/bbdgroup.be\/wp-content\/uploads\/2025\/11\/3860.webp","contentUrl":"https:\/\/bbdgroup.be\/wp-content\/uploads\/2025\/11\/3860.webp","width":1000,"height":667},{"@type":"BreadcrumbList","@id":"https:\/\/bbdgroup.be\/fr\/juste\/votre-attrait\/#breadcrumb","itemListElement":[{"@type":"ListItem","position":1,"name":"Accueil","item":"https:\/\/bbdgroup.be\/fr\/"},{"@type":"ListItem","position":2,"name":"Foire","item":"https:\/\/bbdgroup.be\/fr\/kermis\/"},{"@type":"ListItem","position":3,"name":"Votre attraction"}]},{"@type":"WebSite","@id":"https:\/\/baeyens-bosteels.be\/#website","url":"https:\/\/baeyens-bosteels.be\/","name":"Baeyens Bosteels &amp; Dender","description":"","publisher":{"@id":"https:\/\/baeyens-bosteels.be\/#organization"},"potentialAction":[{"@type":"SearchAction","target":{"@type":"EntryPoint","urlTemplate":"https:\/\/baeyens-bosteels.be\/?s={search_term_string}"},"query-input":{"@type":"PropertyValueSpecification","valueRequired":true,"valueName":"search_term_string"}}],"inLanguage":"fr-FR"},{"@type":"Organization","@id":"https:\/\/baeyens-bosteels.be\/#organization","name":"Baeyens Bosteels &amp; Dender","url":"https:\/\/baeyens-bosteels.be\/","logo":{"@type":"ImageObject","inLanguage":"fr-FR","@id":"https:\/\/baeyens-bosteels.be\/#\/schema\/logo\/image\/","url":"https:\/\/bbdgroup.be\/wp-content\/uploads\/2022\/07\/BBD-Beeldmerk-RGB-Gold.svg","contentUrl":"https:\/\/bbdgroup.be\/wp-content\/uploads\/2022\/07\/BBD-Beeldmerk-RGB-Gold.svg","caption":"Baeyens Bosteels &amp; Dender"},"image":{"@id":"https:\/\/baeyens-bosteels.be\/#\/schema\/logo\/image\/"}}]}},"_links":{"self":[{"href":"https:\/\/bbdgroup.be\/fr\/wp-json\/wp\/v2\/pages\/968","targetHints":{"allow":["GET"]}}],"collection":[{"href":"https:\/\/bbdgroup.be\/fr\/wp-json\/wp\/v2\/pages"}],"about":[{"href":"https:\/\/bbdgroup.be\/fr\/wp-json\/wp\/v2\/types\/page"}],"author":[{"embeddable":true,"href":"https:\/\/bbdgroup.be\/fr\/wp-json\/wp\/v2\/users\/4"}],"replies":[{"embeddable":true,"href":"https:\/\/bbdgroup.be\/fr\/wp-json\/wp\/v2\/comments?post=968"}],"version-history":[{"count":8,"href":"https:\/\/bbdgroup.be\/fr\/wp-json\/wp\/v2\/pages\/968\/revisions"}],"predecessor-version":[{"id":1457,"href":"https:\/\/bbdgroup.be\/fr\/wp-json\/wp\/v2\/pages\/968\/revisions\/1457"}],"up":[{"embeddable":true,"href":"https:\/\/bbdgroup.be\/fr\/wp-json\/wp\/v2\/pages\/1003"}],"wp:featuredmedia":[{"embeddable":true,"href":"https:\/\/bbdgroup.be\/fr\/wp-json\/wp\/v2\/media\/969"}],"wp:attachment":[{"href":"https:\/\/bbdgroup.be\/fr\/wp-json\/wp\/v2\/media?parent=968"}],"curies":[{"name":"wp","href":"https:\/\/api.w.org\/{rel}","templated":true}]}}