{"id":962,"date":"2025-11-26T10:12:07","date_gmt":"2025-11-26T09:12:07","guid":{"rendered":"https:\/\/bbdgroup.be\/votre-responsabilite\/"},"modified":"2025-12-17T11:23:03","modified_gmt":"2025-12-17T10:23:03","slug":"votre-responsabilite","status":"publish","type":"page","link":"https:\/\/bbdgroup.be\/fr\/juste\/votre-responsabilite\/","title":{"rendered":"Votre responsabilit\u00e9"},"content":{"rendered":"\t\t<div data-elementor-type=\"wp-page\" data-elementor-id=\"962\" class=\"elementor elementor-962 elementor-643\" data-elementor-post-type=\"page\">\n\t\t\t\t<div class=\"elementor-element elementor-element-576db4e e-flex e-con-boxed e-con e-parent\" data-id=\"576db4e\" data-element_type=\"container\" data-e-type=\"container\" data-settings=\"{&quot;background_background&quot;:&quot;classic&quot;}\">\n\t\t\t\t\t<div class=\"e-con-inner\">\n\t\t\t\t<div class=\"elementor-element elementor-element-a717382 elementor-widget elementor-widget-heading\" data-id=\"a717382\" data-element_type=\"widget\" data-e-type=\"widget\" data-widget_type=\"heading.default\">\n\t\t\t\t<div class=\"elementor-widget-container\">\n\t\t\t\t\t<h1 class=\"elementor-heading-title elementor-size-default\">Votre responsabilit\u00e9<\/h1>\t\t\t\t<\/div>\n\t\t\t\t<\/div>\n\t\t\t\t\t<\/div>\n\t\t\t\t<\/div>\n\t\t<div class=\"elementor-element elementor-element-32601d3 e-flex e-con-boxed e-con e-parent\" data-id=\"32601d3\" data-element_type=\"container\" data-e-type=\"container\">\n\t\t\t\t\t<div class=\"e-con-inner\">\n\t\t<div class=\"elementor-element elementor-element-a75e3f3 e-con-full e-flex e-con e-child\" data-id=\"a75e3f3\" data-element_type=\"container\" data-e-type=\"container\" data-settings=\"{&quot;background_background&quot;:&quot;classic&quot;}\">\n\t\t\t\t<div class=\"elementor-element elementor-element-c328791 elementor-widget elementor-widget-image\" data-id=\"c328791\" data-element_type=\"widget\" data-e-type=\"widget\" data-widget_type=\"image.default\">\n\t\t\t\t<div class=\"elementor-widget-container\">\n\t\t\t\t\t\t\t\t\t\t\t\t\t\t\t<img fetchpriority=\"high\" decoding=\"async\" width=\"1500\" height=\"1000\" src=\"https:\/\/bbdgroup.be\/wp-content\/uploads\/2025\/11\/3862.webp\" class=\"attachment-full size-full wp-image-963\" alt=\"\" srcset=\"https:\/\/bbdgroup.be\/wp-content\/uploads\/2025\/11\/3862.webp 1500w, https:\/\/bbdgroup.be\/wp-content\/uploads\/2025\/11\/3862-300x200.webp 300w, https:\/\/bbdgroup.be\/wp-content\/uploads\/2025\/11\/3862-1024x683.webp 1024w, https:\/\/bbdgroup.be\/wp-content\/uploads\/2025\/11\/3862-768x512.webp 768w\" sizes=\"(max-width: 1500px) 100vw, 1500px\" \/>\t\t\t\t\t\t\t\t\t\t\t\t\t\t\t<\/div>\n\t\t\t\t<\/div>\n\t\t\t\t<\/div>\n\t\t<div class=\"elementor-element elementor-element-27910f6 e-con-full e-flex e-con e-child\" data-id=\"27910f6\" data-element_type=\"container\" data-e-type=\"container\">\n\t\t\t\t<div class=\"elementor-element elementor-element-ab643e8 elementor-widget__width-initial elementor-widget elementor-widget-text-editor\" data-id=\"ab643e8\" data-element_type=\"widget\" data-e-type=\"widget\" data-widget_type=\"text-editor.default\">\n\t\t\t\t<div class=\"elementor-widget-container\">\n\t\t\t\t\t\t\t\t\t<p class=\"p1\">Si les m\u00e9dias mettent souvent l&rsquo;accent sur les accidents spectaculaires, ceux-ci sont en r\u00e9alit\u00e9 <b>tr\u00e8s rares<\/b> et g\u00e9n\u00e9ralement dus au non-respect des r\u00e8gles de s\u00e9curit\u00e9 par le visiteur.<\/p><p class=\"p1\"><b>Une couverture compl\u00e8te, m\u00eame en cas de discussion<\/b><\/p><p class=\"p1\">N\u00e9anmoins, votre risque reste r\u00e9el. Notre <b>assurance responsabilit\u00e9 civile<\/b> vous couvre lorsque vous \u00eates responsable d&rsquo;accidents caus\u00e9s par :<\/p><ul class=\"ul1\"><li class=\"li1\">Un <b>manque d&rsquo;attirance de votre part<\/b>.<\/li><li class=\"li1\"><b>Fonctionnement inad\u00e9quat<\/b> ou manque de supervision.<\/li><li class=\"li1\">Dispositions ou instructions de s\u00e9curit\u00e9 inad\u00e9quates.<\/li><\/ul>\t\t\t\t\t\t\t\t<\/div>\n\t\t\t\t<\/div>\n\t\t\t\t<div class=\"elementor-element elementor-element-ee3c6e0 elementor-widget elementor-widget-button\" data-id=\"ee3c6e0\" data-element_type=\"widget\" data-e-type=\"widget\" data-widget_type=\"button.default\">\n\t\t\t\t<div class=\"elementor-widget-container\">\n\t\t\t\t\t\t\t\t\t<div class=\"elementor-button-wrapper\">\n\t\t\t\t\t<a class=\"elementor-button elementor-button-link elementor-size-sm\" href=\"https:\/\/bbdgroup.be\/fr\/contact\/\">\n\t\t\t\t\t\t<span class=\"elementor-button-content-wrapper\">\n\t\t\t\t\t\t<span class=\"elementor-button-icon\">\n\t\t\t\t<i aria-hidden=\"true\" class=\"fas fa-long-arrow-alt-right\"><\/i>\t\t\t<\/span>\n\t\t\t\t\t\t\t\t\t<span class=\"elementor-button-text\">Prenez contact avec nous<\/span>\n\t\t\t\t\t<\/span>\n\t\t\t\t\t<\/a>\n\t\t\t\t<\/div>\n\t\t\t\t\t\t\t\t<\/div>\n\t\t\t\t<\/div>\n\t\t\t\t<\/div>\n\t\t\t\t\t<\/div>\n\t\t\t\t<\/div>\n\t\t<div class=\"elementor-element elementor-element-35d7061 e-flex e-con-boxed e-con e-parent\" data-id=\"35d7061\" data-element_type=\"container\" data-e-type=\"container\">\n\t\t\t\t\t<div class=\"e-con-inner\">\n\t\t<div class=\"elementor-element elementor-element-68a54e7 e-con-full e-flex e-con e-child\" data-id=\"68a54e7\" data-element_type=\"container\" data-e-type=\"container\">\n\t\t\t\t<div class=\"elementor-element elementor-element-32ff12c elementor-widget__width-initial elementor-widget elementor-widget-text-editor\" data-id=\"32ff12c\" data-element_type=\"widget\" data-e-type=\"widget\" data-widget_type=\"text-editor.default\">\n\t\t\t\t<div class=\"elementor-widget-container\">\n\t\t\t\t\t\t\t\t\t<p class=\"p1\">De plus, vous n&rsquo;\u00eates pas seul si l&rsquo;accident est uniquement d\u00fb \u00e0 l&rsquo;<b>imprudence de la victime.<\/b> Il y a toujours des chances que vous soyez tenu pour responsable et que vous deviez vous d\u00e9fendre, \u00e9ventuellement devant un tribunal. Nous prenons en charge les frais de cette <b>d\u00e9fense juridique<\/b>.<\/p><p class=\"p1\"><b>Risques sp\u00e9ciaux assur\u00e9s<\/b><\/p><p class=\"p1\">Notre police est sp\u00e9cifiquement adapt\u00e9e au monde forain et couvre un large \u00e9ventail de risques quotidiens :<\/p><ul class=\"ul1\"><li class=\"li1\"><b>Dommages lors du montage et du d\u00e9montage<\/b> (par exemple, chute d&rsquo;un marteau sur un v\u00e9hicule).<\/li><li class=\"li1\"><b>Intoxication alimentaire<\/b> dans la gastronomie foraine.<\/li><li class=\"li1\"><b>Pollution<\/b> due \u00e0 un tuyau qui fuit.<\/li><li class=\"li1\">Dommages caus\u00e9s par le <b>basculement de<\/b> votre box\/caravane apr\u00e8s l&rsquo;enl\u00e8vement des supports.<\/li><li class=\"li1\">Accidents avec la <b>publicit\u00e9<\/b> ou l&rsquo;<b>auvent<\/b> de votre stand.<\/li><li class=\"li1\">Incidents impliquant des projectiles, tels qu&rsquo;une <b>balle<\/b> rebondissante provenant d&rsquo;un stand de tir.<\/li><li class=\"li1\">Incendie ou explosion caus\u00e9 par du <b>gaz<\/b> dans un \u00e9talage de nourriture.<\/li><\/ul><p class=\"p1\">Notre assurance garantit des <b>montants assur\u00e9s tr\u00e8s \u00e9lev\u00e9s<\/b> et est <b>facilement accept\u00e9e<\/b> par les villes et les municipalit\u00e9s pour l&rsquo;obtention de votre emplacement.<\/p><p class=\"p1\">Enfin, la garantie d&rsquo;<b>assistance juridique<\/b> est \u00e9galement incluse. Ceci est crucial si vous subissez vous-m\u00eame un dommage et que vous devez le r\u00e9cup\u00e9rer aupr\u00e8s d&rsquo;un tiers ou d&rsquo;un coll\u00e8gue.<\/p>\t\t\t\t\t\t\t\t<\/div>\n\t\t\t\t<\/div>\n\t\t\t\t<div class=\"elementor-element elementor-element-73f1c4f elementor-widget elementor-widget-button\" data-id=\"73f1c4f\" data-element_type=\"widget\" data-e-type=\"widget\" data-widget_type=\"button.default\">\n\t\t\t\t<div class=\"elementor-widget-container\">\n\t\t\t\t\t\t\t\t\t<div class=\"elementor-button-wrapper\">\n\t\t\t\t\t<a class=\"elementor-button elementor-button-link elementor-size-sm\" href=\"https:\/\/bbdgroup.be\/fr\/contact\/\">\n\t\t\t\t\t\t<span class=\"elementor-button-content-wrapper\">\n\t\t\t\t\t\t<span class=\"elementor-button-icon\">\n\t\t\t\t<i aria-hidden=\"true\" class=\"fas fa-long-arrow-alt-right\"><\/i>\t\t\t<\/span>\n\t\t\t\t\t\t\t\t\t<span class=\"elementor-button-text\">Prenez contact avec nous<\/span>\n\t\t\t\t\t<\/span>\n\t\t\t\t\t<\/a>\n\t\t\t\t<\/div>\n\t\t\t\t\t\t\t\t<\/div>\n\t\t\t\t<\/div>\n\t\t\t\t<\/div>\n\t\t<div class=\"elementor-element elementor-element-61f1c29 e-con-full e-flex e-con e-child\" data-id=\"61f1c29\" data-element_type=\"container\" data-e-type=\"container\" data-settings=\"{&quot;background_background&quot;:&quot;classic&quot;}\">\n\t\t\t\t<div class=\"elementor-element elementor-element-e0d58b1 elementor-widget elementor-widget-image\" data-id=\"e0d58b1\" data-element_type=\"widget\" data-e-type=\"widget\" data-widget_type=\"image.default\">\n\t\t\t\t<div class=\"elementor-widget-container\">\n\t\t\t\t\t\t\t\t\t\t\t\t\t\t\t<img decoding=\"async\" width=\"1252\" height=\"939\" src=\"https:\/\/bbdgroup.be\/wp-content\/uploads\/2025\/11\/25449314.webp\" class=\"attachment-full size-full wp-image-964\" alt=\"\" srcset=\"https:\/\/bbdgroup.be\/wp-content\/uploads\/2025\/11\/25449314.webp 1252w, https:\/\/bbdgroup.be\/wp-content\/uploads\/2025\/11\/25449314-300x225.webp 300w, https:\/\/bbdgroup.be\/wp-content\/uploads\/2025\/11\/25449314-1024x768.webp 1024w, https:\/\/bbdgroup.be\/wp-content\/uploads\/2025\/11\/25449314-768x576.webp 768w\" sizes=\"(max-width: 1252px) 100vw, 1252px\" \/>\t\t\t\t\t\t\t\t\t\t\t\t\t\t\t<\/div>\n\t\t\t\t<\/div>\n\t\t\t\t<\/div>\n\t\t\t\t\t<\/div>\n\t\t\t\t<\/div>\n\t\t\t\t<\/div>\n\t\t","protected":false},"excerpt":{"rendered":"<p>Votre responsabilit\u00e9 Si les m\u00e9dias mettent souvent l&rsquo;accent sur les accidents spectaculaires, ceux-ci sont en r\u00e9alit\u00e9 tr\u00e8s rares et g\u00e9n\u00e9ralement dus au non-respect des r\u00e8gles de s\u00e9curit\u00e9 par le visiteur. Une couverture compl\u00e8te, m\u00eame en cas de discussion N\u00e9anmoins, votre risque reste r\u00e9el. Notre assurance responsabilit\u00e9 civile vous couvre lorsque vous \u00eates responsable d&rsquo;accidents caus\u00e9s [&hellip;]<\/p>\n","protected":false},"author":4,"featured_media":963,"parent":1003,"menu_order":0,"comment_status":"closed","ping_status":"closed","template":"","meta":{"footnotes":""},"class_list":["post-962","page","type-page","status-publish","has-post-thumbnail","hentry"],"yoast_head":"<!-- This site is optimized with the Yoast SEO plugin v27.3 - https:\/\/yoast.com\/product\/yoast-seo-wordpress\/ -->\n<title>Assurance responsabilit\u00e9 civile pour les f\u00eates foraines - Baeyens Bosteels &amp; Dender.<\/title>\n<meta name=\"description\" content=\"Prot\u00e9gez vos man\u00e8ges et vos activit\u00e9s gr\u00e2ce \u00e0 une assurance responsabilit\u00e9 civile sp\u00e9cialis\u00e9e pour les exploitants de f\u00eates foraines. Couverture l\u00e9gale incluse.\" \/>\n<meta name=\"robots\" content=\"index, follow, max-snippet:-1, max-image-preview:large, max-video-preview:-1\" \/>\n<link rel=\"canonical\" href=\"https:\/\/bbdgroup.be\/fr\/juste\/votre-responsabilite\/\" \/>\n<meta property=\"og:locale\" content=\"fr_FR\" \/>\n<meta property=\"og:type\" content=\"article\" \/>\n<meta property=\"og:title\" content=\"Assurance responsabilit\u00e9 civile pour les f\u00eates foraines - Baeyens Bosteels &amp; Dender.\" \/>\n<meta property=\"og:description\" content=\"Prot\u00e9gez vos man\u00e8ges et vos activit\u00e9s gr\u00e2ce \u00e0 une assurance responsabilit\u00e9 civile sp\u00e9cialis\u00e9e pour les exploitants de f\u00eates foraines. Couverture l\u00e9gale incluse.\" \/>\n<meta property=\"og:url\" content=\"https:\/\/bbdgroup.be\/fr\/juste\/votre-responsabilite\/\" \/>\n<meta property=\"og:site_name\" content=\"Baeyens Bosteels &amp; Dender\" \/>\n<meta property=\"article:modified_time\" content=\"2025-12-17T10:23:03+00:00\" \/>\n<meta property=\"og:image\" content=\"https:\/\/bbdgroup.be\/wp-content\/uploads\/2025\/11\/3862.webp\" \/>\n\t<meta property=\"og:image:width\" content=\"1500\" \/>\n\t<meta property=\"og:image:height\" content=\"1000\" \/>\n\t<meta property=\"og:image:type\" content=\"image\/webp\" \/>\n<meta name=\"twitter:card\" content=\"summary_large_image\" \/>\n<meta name=\"twitter:label1\" content=\"Dur\u00e9e de lecture estim\u00e9e\" \/>\n\t<meta name=\"twitter:data1\" content=\"2 minutes\" \/>\n<script type=\"application\/ld+json\" class=\"yoast-schema-graph\">{\"@context\":\"https:\\\/\\\/schema.org\",\"@graph\":[{\"@type\":\"WebPage\",\"@id\":\"https:\\\/\\\/bbdgroup.be\\\/fr\\\/juste\\\/votre-responsabilite\\\/\",\"url\":\"https:\\\/\\\/bbdgroup.be\\\/fr\\\/juste\\\/votre-responsabilite\\\/\",\"name\":\"Assurance responsabilit\u00e9 civile pour les f\u00eates foraines - Baeyens Bosteels &amp; Dender.\",\"isPartOf\":{\"@id\":\"https:\\\/\\\/baeyens-bosteels.be\\\/#website\"},\"primaryImageOfPage\":{\"@id\":\"https:\\\/\\\/bbdgroup.be\\\/fr\\\/juste\\\/votre-responsabilite\\\/#primaryimage\"},\"image\":{\"@id\":\"https:\\\/\\\/bbdgroup.be\\\/fr\\\/juste\\\/votre-responsabilite\\\/#primaryimage\"},\"thumbnailUrl\":\"https:\\\/\\\/bbdgroup.be\\\/wp-content\\\/uploads\\\/2025\\\/11\\\/3862.webp\",\"datePublished\":\"2025-11-26T09:12:07+00:00\",\"dateModified\":\"2025-12-17T10:23:03+00:00\",\"description\":\"Prot\u00e9gez vos man\u00e8ges et vos activit\u00e9s gr\u00e2ce \u00e0 une assurance responsabilit\u00e9 civile sp\u00e9cialis\u00e9e pour les exploitants de f\u00eates foraines. Couverture l\u00e9gale incluse.\",\"breadcrumb\":{\"@id\":\"https:\\\/\\\/bbdgroup.be\\\/fr\\\/juste\\\/votre-responsabilite\\\/#breadcrumb\"},\"inLanguage\":\"fr-FR\",\"potentialAction\":[{\"@type\":\"ReadAction\",\"target\":[\"https:\\\/\\\/bbdgroup.be\\\/fr\\\/juste\\\/votre-responsabilite\\\/\"]}]},{\"@type\":\"ImageObject\",\"inLanguage\":\"fr-FR\",\"@id\":\"https:\\\/\\\/bbdgroup.be\\\/fr\\\/juste\\\/votre-responsabilite\\\/#primaryimage\",\"url\":\"https:\\\/\\\/bbdgroup.be\\\/wp-content\\\/uploads\\\/2025\\\/11\\\/3862.webp\",\"contentUrl\":\"https:\\\/\\\/bbdgroup.be\\\/wp-content\\\/uploads\\\/2025\\\/11\\\/3862.webp\",\"width\":1500,\"height\":1000},{\"@type\":\"BreadcrumbList\",\"@id\":\"https:\\\/\\\/bbdgroup.be\\\/fr\\\/juste\\\/votre-responsabilite\\\/#breadcrumb\",\"itemListElement\":[{\"@type\":\"ListItem\",\"position\":1,\"name\":\"Accueil\",\"item\":\"https:\\\/\\\/bbdgroup.be\\\/fr\\\/\"},{\"@type\":\"ListItem\",\"position\":2,\"name\":\"Foire\",\"item\":\"https:\\\/\\\/bbdgroup.be\\\/fr\\\/kermis\\\/\"},{\"@type\":\"ListItem\",\"position\":3,\"name\":\"Votre responsabilit\u00e9\"}]},{\"@type\":\"WebSite\",\"@id\":\"https:\\\/\\\/baeyens-bosteels.be\\\/#website\",\"url\":\"https:\\\/\\\/baeyens-bosteels.be\\\/\",\"name\":\"Baeyens Bosteels &amp; Dender\",\"description\":\"\",\"publisher\":{\"@id\":\"https:\\\/\\\/baeyens-bosteels.be\\\/#organization\"},\"potentialAction\":[{\"@type\":\"SearchAction\",\"target\":{\"@type\":\"EntryPoint\",\"urlTemplate\":\"https:\\\/\\\/baeyens-bosteels.be\\\/?s={search_term_string}\"},\"query-input\":{\"@type\":\"PropertyValueSpecification\",\"valueRequired\":true,\"valueName\":\"search_term_string\"}}],\"inLanguage\":\"fr-FR\"},{\"@type\":\"Organization\",\"@id\":\"https:\\\/\\\/baeyens-bosteels.be\\\/#organization\",\"name\":\"Baeyens Bosteels &amp; Dender\",\"url\":\"https:\\\/\\\/baeyens-bosteels.be\\\/\",\"logo\":{\"@type\":\"ImageObject\",\"inLanguage\":\"fr-FR\",\"@id\":\"https:\\\/\\\/baeyens-bosteels.be\\\/#\\\/schema\\\/logo\\\/image\\\/\",\"url\":\"https:\\\/\\\/bbdgroup.be\\\/wp-content\\\/uploads\\\/2022\\\/07\\\/BBD-Beeldmerk-RGB-Gold.svg\",\"contentUrl\":\"https:\\\/\\\/bbdgroup.be\\\/wp-content\\\/uploads\\\/2022\\\/07\\\/BBD-Beeldmerk-RGB-Gold.svg\",\"caption\":\"Baeyens Bosteels &amp; Dender\"},\"image\":{\"@id\":\"https:\\\/\\\/baeyens-bosteels.be\\\/#\\\/schema\\\/logo\\\/image\\\/\"}}]}<\/script>\n<!-- \/ Yoast SEO plugin. -->","yoast_head_json":{"title":"Assurance responsabilit\u00e9 civile pour les f\u00eates foraines - Baeyens Bosteels &amp; Dender.","description":"Prot\u00e9gez vos man\u00e8ges et vos activit\u00e9s gr\u00e2ce \u00e0 une assurance responsabilit\u00e9 civile sp\u00e9cialis\u00e9e pour les exploitants de f\u00eates foraines. Couverture l\u00e9gale incluse.","robots":{"index":"index","follow":"follow","max-snippet":"max-snippet:-1","max-image-preview":"max-image-preview:large","max-video-preview":"max-video-preview:-1"},"canonical":"https:\/\/bbdgroup.be\/fr\/juste\/votre-responsabilite\/","og_locale":"fr_FR","og_type":"article","og_title":"Assurance responsabilit\u00e9 civile pour les f\u00eates foraines - Baeyens Bosteels &amp; Dender.","og_description":"Prot\u00e9gez vos man\u00e8ges et vos activit\u00e9s gr\u00e2ce \u00e0 une assurance responsabilit\u00e9 civile sp\u00e9cialis\u00e9e pour les exploitants de f\u00eates foraines. Couverture l\u00e9gale incluse.","og_url":"https:\/\/bbdgroup.be\/fr\/juste\/votre-responsabilite\/","og_site_name":"Baeyens Bosteels &amp; Dender","article_modified_time":"2025-12-17T10:23:03+00:00","og_image":[{"width":1500,"height":1000,"url":"https:\/\/bbdgroup.be\/wp-content\/uploads\/2025\/11\/3862.webp","type":"image\/webp"}],"twitter_card":"summary_large_image","twitter_misc":{"Dur\u00e9e de lecture estim\u00e9e":"2 minutes"},"schema":{"@context":"https:\/\/schema.org","@graph":[{"@type":"WebPage","@id":"https:\/\/bbdgroup.be\/fr\/juste\/votre-responsabilite\/","url":"https:\/\/bbdgroup.be\/fr\/juste\/votre-responsabilite\/","name":"Assurance responsabilit\u00e9 civile pour les f\u00eates foraines - Baeyens Bosteels &amp; Dender.","isPartOf":{"@id":"https:\/\/baeyens-bosteels.be\/#website"},"primaryImageOfPage":{"@id":"https:\/\/bbdgroup.be\/fr\/juste\/votre-responsabilite\/#primaryimage"},"image":{"@id":"https:\/\/bbdgroup.be\/fr\/juste\/votre-responsabilite\/#primaryimage"},"thumbnailUrl":"https:\/\/bbdgroup.be\/wp-content\/uploads\/2025\/11\/3862.webp","datePublished":"2025-11-26T09:12:07+00:00","dateModified":"2025-12-17T10:23:03+00:00","description":"Prot\u00e9gez vos man\u00e8ges et vos activit\u00e9s gr\u00e2ce \u00e0 une assurance responsabilit\u00e9 civile sp\u00e9cialis\u00e9e pour les exploitants de f\u00eates foraines. Couverture l\u00e9gale incluse.","breadcrumb":{"@id":"https:\/\/bbdgroup.be\/fr\/juste\/votre-responsabilite\/#breadcrumb"},"inLanguage":"fr-FR","potentialAction":[{"@type":"ReadAction","target":["https:\/\/bbdgroup.be\/fr\/juste\/votre-responsabilite\/"]}]},{"@type":"ImageObject","inLanguage":"fr-FR","@id":"https:\/\/bbdgroup.be\/fr\/juste\/votre-responsabilite\/#primaryimage","url":"https:\/\/bbdgroup.be\/wp-content\/uploads\/2025\/11\/3862.webp","contentUrl":"https:\/\/bbdgroup.be\/wp-content\/uploads\/2025\/11\/3862.webp","width":1500,"height":1000},{"@type":"BreadcrumbList","@id":"https:\/\/bbdgroup.be\/fr\/juste\/votre-responsabilite\/#breadcrumb","itemListElement":[{"@type":"ListItem","position":1,"name":"Accueil","item":"https:\/\/bbdgroup.be\/fr\/"},{"@type":"ListItem","position":2,"name":"Foire","item":"https:\/\/bbdgroup.be\/fr\/kermis\/"},{"@type":"ListItem","position":3,"name":"Votre responsabilit\u00e9"}]},{"@type":"WebSite","@id":"https:\/\/baeyens-bosteels.be\/#website","url":"https:\/\/baeyens-bosteels.be\/","name":"Baeyens Bosteels &amp; Dender","description":"","publisher":{"@id":"https:\/\/baeyens-bosteels.be\/#organization"},"potentialAction":[{"@type":"SearchAction","target":{"@type":"EntryPoint","urlTemplate":"https:\/\/baeyens-bosteels.be\/?s={search_term_string}"},"query-input":{"@type":"PropertyValueSpecification","valueRequired":true,"valueName":"search_term_string"}}],"inLanguage":"fr-FR"},{"@type":"Organization","@id":"https:\/\/baeyens-bosteels.be\/#organization","name":"Baeyens Bosteels &amp; Dender","url":"https:\/\/baeyens-bosteels.be\/","logo":{"@type":"ImageObject","inLanguage":"fr-FR","@id":"https:\/\/baeyens-bosteels.be\/#\/schema\/logo\/image\/","url":"https:\/\/bbdgroup.be\/wp-content\/uploads\/2022\/07\/BBD-Beeldmerk-RGB-Gold.svg","contentUrl":"https:\/\/bbdgroup.be\/wp-content\/uploads\/2022\/07\/BBD-Beeldmerk-RGB-Gold.svg","caption":"Baeyens Bosteels &amp; Dender"},"image":{"@id":"https:\/\/baeyens-bosteels.be\/#\/schema\/logo\/image\/"}}]}},"_links":{"self":[{"href":"https:\/\/bbdgroup.be\/fr\/wp-json\/wp\/v2\/pages\/962","targetHints":{"allow":["GET"]}}],"collection":[{"href":"https:\/\/bbdgroup.be\/fr\/wp-json\/wp\/v2\/pages"}],"about":[{"href":"https:\/\/bbdgroup.be\/fr\/wp-json\/wp\/v2\/types\/page"}],"author":[{"embeddable":true,"href":"https:\/\/bbdgroup.be\/fr\/wp-json\/wp\/v2\/users\/4"}],"replies":[{"embeddable":true,"href":"https:\/\/bbdgroup.be\/fr\/wp-json\/wp\/v2\/comments?post=962"}],"version-history":[{"count":4,"href":"https:\/\/bbdgroup.be\/fr\/wp-json\/wp\/v2\/pages\/962\/revisions"}],"predecessor-version":[{"id":1302,"href":"https:\/\/bbdgroup.be\/fr\/wp-json\/wp\/v2\/pages\/962\/revisions\/1302"}],"up":[{"embeddable":true,"href":"https:\/\/bbdgroup.be\/fr\/wp-json\/wp\/v2\/pages\/1003"}],"wp:featuredmedia":[{"embeddable":true,"href":"https:\/\/bbdgroup.be\/fr\/wp-json\/wp\/v2\/media\/963"}],"wp:attachment":[{"href":"https:\/\/bbdgroup.be\/fr\/wp-json\/wp\/v2\/media?parent=962"}],"curies":[{"name":"wp","href":"https:\/\/api.w.org\/{rel}","templated":true}]}}