{"id":955,"date":"2025-09-18T16:26:08","date_gmt":"2025-09-18T14:26:08","guid":{"rendered":"https:\/\/bbdgroup.be\/postes-vacants\/"},"modified":"2025-12-16T14:51:16","modified_gmt":"2025-12-16T13:51:16","slug":"postes-vacants","status":"publish","type":"page","link":"https:\/\/bbdgroup.be\/fr\/postes-vacants\/","title":{"rendered":"Postes vacants"},"content":{"rendered":"\t\t<div data-elementor-type=\"wp-page\" data-elementor-id=\"955\" class=\"elementor elementor-955 elementor-381\" data-elementor-post-type=\"page\">\n\t\t\t\t<div class=\"elementor-element elementor-element-237b337 e-flex e-con-boxed e-con e-parent\" data-id=\"237b337\" data-element_type=\"container\" data-e-type=\"container\" data-settings=\"{&quot;background_background&quot;:&quot;classic&quot;}\">\n\t\t\t\t\t<div class=\"e-con-inner\">\n\t\t\t\t<div class=\"elementor-element elementor-element-45dc2c6 elementor-widget elementor-widget-heading\" data-id=\"45dc2c6\" data-element_type=\"widget\" data-e-type=\"widget\" data-widget_type=\"heading.default\">\n\t\t\t\t<div class=\"elementor-widget-container\">\n\t\t\t\t\t<h1 class=\"elementor-heading-title elementor-size-default\">Postes vacants<\/h1>\t\t\t\t<\/div>\n\t\t\t\t<\/div>\n\t\t\t\t\t<\/div>\n\t\t\t\t<\/div>\n\t\t<div class=\"elementor-element elementor-element-2bcd85e e-flex e-con-boxed e-con e-parent\" data-id=\"2bcd85e\" data-element_type=\"container\" data-e-type=\"container\">\n\t\t\t\t\t<div class=\"e-con-inner\">\n\t\t\t\t<div class=\"elementor-element elementor-element-3a05d23 elementor-grid-3 elementor-grid-tablet-2 elementor-grid-mobile-1 elementor-widget elementor-widget-loop-grid\" data-id=\"3a05d23\" data-element_type=\"widget\" data-e-type=\"widget\" data-settings=\"{&quot;template_id&quot;:1036,&quot;_skin&quot;:&quot;post&quot;,&quot;columns&quot;:&quot;3&quot;,&quot;columns_tablet&quot;:&quot;2&quot;,&quot;columns_mobile&quot;:&quot;1&quot;,&quot;edit_handle_selector&quot;:&quot;[data-elementor-type=\\&quot;loop-item\\&quot;]&quot;,&quot;row_gap&quot;:{&quot;unit&quot;:&quot;px&quot;,&quot;size&quot;:&quot;&quot;,&quot;sizes&quot;:[]},&quot;row_gap_tablet&quot;:{&quot;unit&quot;:&quot;px&quot;,&quot;size&quot;:&quot;&quot;,&quot;sizes&quot;:[]},&quot;row_gap_mobile&quot;:{&quot;unit&quot;:&quot;px&quot;,&quot;size&quot;:&quot;&quot;,&quot;sizes&quot;:[]}}\" data-widget_type=\"loop-grid.post\">\n\t\t\t\t<div class=\"elementor-widget-container\">\n\t\t\t\t\t\t\t<div class=\"elementor-loop-container elementor-grid\" role=\"list\">\n\t\t<style id=\"loop-1036\">.elementor-1036 .elementor-element.elementor-element-5283de9{--display:flex;--flex-direction:column;--container-widget-width:100%;--container-widget-height:initial;--container-widget-flex-grow:0;--container-widget-align-self:initial;--flex-wrap-mobile:wrap;--padding-top:0px;--padding-bottom:0px;--padding-left:0px;--padding-right:0px;}.elementor-widget-theme-post-featured-image .widget-image-caption{color:var( --e-global-color-text );font-family:var( --e-global-typography-text-font-family ), Sans-serif;font-weight:var( --e-global-typography-text-font-weight );}.elementor-1036 .elementor-element.elementor-element-7a91c08 img{width:100%;height:218px;object-fit:cover;object-position:top center;border-radius:5px 5px 5px 5px;}.elementor-1036 .elementor-element.elementor-element-b9f6e3b{--display:flex;--gap:10px 10px;--row-gap:10px;--column-gap:10px;--margin-top:0px;--margin-bottom:0px;--margin-left:0px;--margin-right:0px;--padding-top:0px;--padding-bottom:0px;--padding-left:0px;--padding-right:0px;}.elementor-widget-theme-post-title .elementor-heading-title{font-family:var( --e-global-typography-primary-font-family ), Sans-serif;font-weight:var( --e-global-typography-primary-font-weight );color:var( --e-global-color-primary );}.elementor-1036 .elementor-element.elementor-element-e0ddc8c .elementor-heading-title{font-family:\"Questrial\", Sans-serif;font-weight:600;text-decoration:none;color:var( --e-global-color-885672d );}.elementor-widget-button .elementor-button{font-family:var( --e-global-typography-accent-font-family ), Sans-serif;font-weight:var( --e-global-typography-accent-font-weight );background-color:var( --e-global-color-accent );}.elementor-1036 .elementor-element.elementor-element-9885455 .elementor-button-content-wrapper{flex-direction:row-reverse;}.elementor-1036 .elementor-element.elementor-element-9885455 .elementor-button .elementor-button-content-wrapper{gap:10px;}.elementor-1036 .elementor-element.elementor-element-9885455 .elementor-button{font-family:\"Questrial\", Sans-serif;font-weight:400;text-decoration:none;letter-spacing:0.5px;fill:var( --e-global-color-885672d );color:var( --e-global-color-885672d );background-color:#61CE7000;border-style:none;border-radius:0px 0px 0px 0px;padding:0px 0px 0px 0px;}.elementor-1036 .elementor-element.elementor-element-9885455 .elementor-button:hover, .elementor-1036 .elementor-element.elementor-element-9885455 .elementor-button:focus{color:#000000;}.elementor-1036 .elementor-element.elementor-element-9885455 .elementor-button:hover svg, .elementor-1036 .elementor-element.elementor-element-9885455 .elementor-button:focus svg{fill:#000000;}\/* Start custom CSS for theme-post-featured-image, class: .elementor-element-7a91c08 *\/.elementor-1036 .elementor-element.elementor-element-7a91c08 a {\n    display: block;\n}\/* End custom CSS *\/\n\/* Start custom CSS for theme-post-title, class: .elementor-element-e0ddc8c *\/.elementor-1036 .elementor-element.elementor-element-e0ddc8c a {\n    text-decoration: none;\n}\/* End custom CSS *\/<\/style>\t\t<div data-elementor-type=\"loop-item\" data-elementor-id=\"1036\" class=\"elementor elementor-1036 elementor-438 elementor-438 e-loop-item e-loop-item-1069 post-1069 vacature type-vacature status-publish has-post-thumbnail hentry\" data-elementor-post-type=\"elementor_library\" data-custom-edit-handle=\"1\">\n\t\t\t<div class=\"elementor-element elementor-element-5283de9 e-flex e-con-boxed e-con e-parent\" data-id=\"5283de9\" data-element_type=\"container\" data-e-type=\"container\">\n\t\t\t\t\t<div class=\"e-con-inner\">\n\t\t\t\t<div class=\"elementor-element elementor-element-7a91c08 elementor-widget elementor-widget-theme-post-featured-image elementor-widget-image\" data-id=\"7a91c08\" data-element_type=\"widget\" data-e-type=\"widget\" data-widget_type=\"theme-post-featured-image.default\">\n\t\t\t\t<div class=\"elementor-widget-container\">\n\t\t\t\t\t\t\t\t\t\t\t\t\t\t\t\t<a href=\"https:\/\/bbdgroup.be\/fr\/vacature\/application-spontanee\/\">\n\t\t\t\t\t\t\t<img fetchpriority=\"high\" decoding=\"async\" width=\"1600\" height=\"1149\" src=\"https:\/\/bbdgroup.be\/wp-content\/uploads\/2025\/10\/Groepsfoto.jpg\" class=\"attachment-full size-full wp-image-1165\" alt=\"\" srcset=\"https:\/\/bbdgroup.be\/wp-content\/uploads\/2025\/10\/Groepsfoto.jpg 1600w, https:\/\/bbdgroup.be\/wp-content\/uploads\/2025\/10\/Groepsfoto-300x215.jpg 300w, https:\/\/bbdgroup.be\/wp-content\/uploads\/2025\/10\/Groepsfoto-1024x735.jpg 1024w, https:\/\/bbdgroup.be\/wp-content\/uploads\/2025\/10\/Groepsfoto-768x552.jpg 768w, https:\/\/bbdgroup.be\/wp-content\/uploads\/2025\/10\/Groepsfoto-1536x1103.jpg 1536w\" sizes=\"(max-width: 1600px) 100vw, 1600px\" \/>\t\t\t\t\t\t\t\t<\/a>\n\t\t\t\t\t\t\t\t\t\t\t\t\t\t\t<\/div>\n\t\t\t\t<\/div>\n\t\t<div class=\"elementor-element elementor-element-b9f6e3b e-con-full e-flex e-con e-child\" data-id=\"b9f6e3b\" data-element_type=\"container\" data-e-type=\"container\">\n\t\t\t\t<div class=\"elementor-element elementor-element-e0ddc8c elementor-widget elementor-widget-theme-post-title elementor-page-title elementor-widget-heading\" data-id=\"e0ddc8c\" data-element_type=\"widget\" data-e-type=\"widget\" data-widget_type=\"theme-post-title.default\">\n\t\t\t\t<div class=\"elementor-widget-container\">\n\t\t\t\t\t<h2 class=\"elementor-heading-title elementor-size-default\"><a href=\"https:\/\/bbdgroup.be\/fr\/vacature\/application-spontanee\/\">Application spontan\u00e9e<\/a><\/h2>\t\t\t\t<\/div>\n\t\t\t\t<\/div>\n\t\t\t\t<div class=\"elementor-element elementor-element-9885455 elementor-widget elementor-widget-button\" data-id=\"9885455\" data-element_type=\"widget\" data-e-type=\"widget\" data-widget_type=\"button.default\">\n\t\t\t\t<div class=\"elementor-widget-container\">\n\t\t\t\t\t\t\t\t\t<div class=\"elementor-button-wrapper\">\n\t\t\t\t\t<a class=\"elementor-button elementor-button-link elementor-size-sm\" href=\"https:\/\/bbdgroup.be\/fr\/vacature\/application-spontanee\/\">\n\t\t\t\t\t\t<span class=\"elementor-button-content-wrapper\">\n\t\t\t\t\t\t<span class=\"elementor-button-icon\">\n\t\t\t\t<i aria-hidden=\"true\" class=\"fas fa-long-arrow-alt-right\"><\/i>\t\t\t<\/span>\n\t\t\t\t\t\t\t\t\t<span class=\"elementor-button-text\">Plus d'informations<\/span>\n\t\t\t\t\t<\/span>\n\t\t\t\t\t<\/a>\n\t\t\t\t<\/div>\n\t\t\t\t\t\t\t\t<\/div>\n\t\t\t\t<\/div>\n\t\t\t\t<\/div>\n\t\t\t\t\t<\/div>\n\t\t\t\t<\/div>\n\t\t\t\t<\/div>\n\t\t\t\t<\/div>\n\t\t\n\t\t\t\t\t\t<\/div>\n\t\t\t\t<\/div>\n\t\t\t\t\t<\/div>\n\t\t\t\t<\/div>\n\t\t\t\t<\/div>\n\t\t","protected":false},"excerpt":{"rendered":"<p>Postes vacants<\/p>\n","protected":false},"author":4,"featured_media":956,"parent":0,"menu_order":0,"comment_status":"closed","ping_status":"closed","template":"","meta":{"footnotes":""},"class_list":["post-955","page","type-page","status-publish","has-post-thumbnail","hentry"],"yoast_head":"<!-- This site is optimized with the Yoast SEO plugin v27.3 - https:\/\/yoast.com\/product\/yoast-seo-wordpress\/ -->\n<title>Postes \u00e0 pourvoir - Baeyens Bosteels &amp; Dender<\/title>\n<meta name=\"description\" content=\"D\u00e9couvrez les postes vacants chez BB&amp;D. Rejoignez notre \u00e9quipe et participez \u00e0 la mise en place de services d&#039;assurance et financiers personnalis\u00e9s et experts.\" \/>\n<meta name=\"robots\" content=\"index, follow, max-snippet:-1, max-image-preview:large, max-video-preview:-1\" \/>\n<link rel=\"canonical\" href=\"https:\/\/bbdgroup.be\/fr\/postes-vacants\/\" \/>\n<meta property=\"og:locale\" content=\"fr_FR\" \/>\n<meta property=\"og:type\" content=\"article\" \/>\n<meta property=\"og:title\" content=\"Postes \u00e0 pourvoir - Baeyens Bosteels &amp; Dender\" \/>\n<meta property=\"og:description\" content=\"D\u00e9couvrez les postes vacants chez BB&amp;D. Rejoignez notre \u00e9quipe et participez \u00e0 la mise en place de services d&#039;assurance et financiers personnalis\u00e9s et experts.\" \/>\n<meta property=\"og:url\" content=\"https:\/\/bbdgroup.be\/fr\/postes-vacants\/\" \/>\n<meta property=\"og:site_name\" content=\"Baeyens Bosteels &amp; Dender\" \/>\n<meta property=\"article:modified_time\" content=\"2025-12-16T13:51:16+00:00\" \/>\n<meta property=\"og:image\" content=\"https:\/\/bbdgroup.be\/wp-content\/uploads\/2025\/09\/three-business-people-talking.webp\" \/>\n\t<meta property=\"og:image:width\" content=\"2559\" \/>\n\t<meta property=\"og:image:height\" content=\"1706\" \/>\n\t<meta property=\"og:image:type\" content=\"image\/webp\" \/>\n<meta name=\"twitter:card\" content=\"summary_large_image\" \/>\n<script type=\"application\/ld+json\" class=\"yoast-schema-graph\">{\"@context\":\"https:\\\/\\\/schema.org\",\"@graph\":[{\"@type\":\"WebPage\",\"@id\":\"https:\\\/\\\/bbdgroup.be\\\/fr\\\/postes-vacants\\\/\",\"url\":\"https:\\\/\\\/bbdgroup.be\\\/fr\\\/postes-vacants\\\/\",\"name\":\"Postes \u00e0 pourvoir - Baeyens Bosteels &amp; Dender\",\"isPartOf\":{\"@id\":\"https:\\\/\\\/baeyens-bosteels.be\\\/#website\"},\"primaryImageOfPage\":{\"@id\":\"https:\\\/\\\/bbdgroup.be\\\/fr\\\/postes-vacants\\\/#primaryimage\"},\"image\":{\"@id\":\"https:\\\/\\\/bbdgroup.be\\\/fr\\\/postes-vacants\\\/#primaryimage\"},\"thumbnailUrl\":\"https:\\\/\\\/bbdgroup.be\\\/wp-content\\\/uploads\\\/2025\\\/09\\\/three-business-people-talking.webp\",\"datePublished\":\"2025-09-18T14:26:08+00:00\",\"dateModified\":\"2025-12-16T13:51:16+00:00\",\"description\":\"D\u00e9couvrez les postes vacants chez BB&D. Rejoignez notre \u00e9quipe et participez \u00e0 la mise en place de services d'assurance et financiers personnalis\u00e9s et experts.\",\"breadcrumb\":{\"@id\":\"https:\\\/\\\/bbdgroup.be\\\/fr\\\/postes-vacants\\\/#breadcrumb\"},\"inLanguage\":\"fr-FR\",\"potentialAction\":[{\"@type\":\"ReadAction\",\"target\":[\"https:\\\/\\\/bbdgroup.be\\\/fr\\\/postes-vacants\\\/\"]}]},{\"@type\":\"ImageObject\",\"inLanguage\":\"fr-FR\",\"@id\":\"https:\\\/\\\/bbdgroup.be\\\/fr\\\/postes-vacants\\\/#primaryimage\",\"url\":\"https:\\\/\\\/bbdgroup.be\\\/wp-content\\\/uploads\\\/2025\\\/09\\\/three-business-people-talking.webp\",\"contentUrl\":\"https:\\\/\\\/bbdgroup.be\\\/wp-content\\\/uploads\\\/2025\\\/09\\\/three-business-people-talking.webp\",\"width\":2559,\"height\":1706},{\"@type\":\"BreadcrumbList\",\"@id\":\"https:\\\/\\\/bbdgroup.be\\\/fr\\\/postes-vacants\\\/#breadcrumb\",\"itemListElement\":[{\"@type\":\"ListItem\",\"position\":1,\"name\":\"Accueil\",\"item\":\"https:\\\/\\\/bbdgroup.be\\\/fr\\\/\"},{\"@type\":\"ListItem\",\"position\":2,\"name\":\"Postes vacants\"}]},{\"@type\":\"WebSite\",\"@id\":\"https:\\\/\\\/baeyens-bosteels.be\\\/#website\",\"url\":\"https:\\\/\\\/baeyens-bosteels.be\\\/\",\"name\":\"Baeyens Bosteels &amp; Dender\",\"description\":\"\",\"publisher\":{\"@id\":\"https:\\\/\\\/baeyens-bosteels.be\\\/#organization\"},\"potentialAction\":[{\"@type\":\"SearchAction\",\"target\":{\"@type\":\"EntryPoint\",\"urlTemplate\":\"https:\\\/\\\/baeyens-bosteels.be\\\/?s={search_term_string}\"},\"query-input\":{\"@type\":\"PropertyValueSpecification\",\"valueRequired\":true,\"valueName\":\"search_term_string\"}}],\"inLanguage\":\"fr-FR\"},{\"@type\":\"Organization\",\"@id\":\"https:\\\/\\\/baeyens-bosteels.be\\\/#organization\",\"name\":\"Baeyens Bosteels &amp; Dender\",\"url\":\"https:\\\/\\\/baeyens-bosteels.be\\\/\",\"logo\":{\"@type\":\"ImageObject\",\"inLanguage\":\"fr-FR\",\"@id\":\"https:\\\/\\\/baeyens-bosteels.be\\\/#\\\/schema\\\/logo\\\/image\\\/\",\"url\":\"https:\\\/\\\/bbdgroup.be\\\/wp-content\\\/uploads\\\/2022\\\/07\\\/BBD-Beeldmerk-RGB-Gold.svg\",\"contentUrl\":\"https:\\\/\\\/bbdgroup.be\\\/wp-content\\\/uploads\\\/2022\\\/07\\\/BBD-Beeldmerk-RGB-Gold.svg\",\"caption\":\"Baeyens Bosteels &amp; Dender\"},\"image\":{\"@id\":\"https:\\\/\\\/baeyens-bosteels.be\\\/#\\\/schema\\\/logo\\\/image\\\/\"}}]}<\/script>\n<!-- \/ Yoast SEO plugin. -->","yoast_head_json":{"title":"Postes \u00e0 pourvoir - Baeyens Bosteels &amp; Dender","description":"D\u00e9couvrez les postes vacants chez BB&D. Rejoignez notre \u00e9quipe et participez \u00e0 la mise en place de services d'assurance et financiers personnalis\u00e9s et experts.","robots":{"index":"index","follow":"follow","max-snippet":"max-snippet:-1","max-image-preview":"max-image-preview:large","max-video-preview":"max-video-preview:-1"},"canonical":"https:\/\/bbdgroup.be\/fr\/postes-vacants\/","og_locale":"fr_FR","og_type":"article","og_title":"Postes \u00e0 pourvoir - Baeyens Bosteels &amp; Dender","og_description":"D\u00e9couvrez les postes vacants chez BB&D. Rejoignez notre \u00e9quipe et participez \u00e0 la mise en place de services d'assurance et financiers personnalis\u00e9s et experts.","og_url":"https:\/\/bbdgroup.be\/fr\/postes-vacants\/","og_site_name":"Baeyens Bosteels &amp; Dender","article_modified_time":"2025-12-16T13:51:16+00:00","og_image":[{"width":2559,"height":1706,"url":"https:\/\/bbdgroup.be\/wp-content\/uploads\/2025\/09\/three-business-people-talking.webp","type":"image\/webp"}],"twitter_card":"summary_large_image","schema":{"@context":"https:\/\/schema.org","@graph":[{"@type":"WebPage","@id":"https:\/\/bbdgroup.be\/fr\/postes-vacants\/","url":"https:\/\/bbdgroup.be\/fr\/postes-vacants\/","name":"Postes \u00e0 pourvoir - Baeyens Bosteels &amp; Dender","isPartOf":{"@id":"https:\/\/baeyens-bosteels.be\/#website"},"primaryImageOfPage":{"@id":"https:\/\/bbdgroup.be\/fr\/postes-vacants\/#primaryimage"},"image":{"@id":"https:\/\/bbdgroup.be\/fr\/postes-vacants\/#primaryimage"},"thumbnailUrl":"https:\/\/bbdgroup.be\/wp-content\/uploads\/2025\/09\/three-business-people-talking.webp","datePublished":"2025-09-18T14:26:08+00:00","dateModified":"2025-12-16T13:51:16+00:00","description":"D\u00e9couvrez les postes vacants chez BB&D. Rejoignez notre \u00e9quipe et participez \u00e0 la mise en place de services d'assurance et financiers personnalis\u00e9s et experts.","breadcrumb":{"@id":"https:\/\/bbdgroup.be\/fr\/postes-vacants\/#breadcrumb"},"inLanguage":"fr-FR","potentialAction":[{"@type":"ReadAction","target":["https:\/\/bbdgroup.be\/fr\/postes-vacants\/"]}]},{"@type":"ImageObject","inLanguage":"fr-FR","@id":"https:\/\/bbdgroup.be\/fr\/postes-vacants\/#primaryimage","url":"https:\/\/bbdgroup.be\/wp-content\/uploads\/2025\/09\/three-business-people-talking.webp","contentUrl":"https:\/\/bbdgroup.be\/wp-content\/uploads\/2025\/09\/three-business-people-talking.webp","width":2559,"height":1706},{"@type":"BreadcrumbList","@id":"https:\/\/bbdgroup.be\/fr\/postes-vacants\/#breadcrumb","itemListElement":[{"@type":"ListItem","position":1,"name":"Accueil","item":"https:\/\/bbdgroup.be\/fr\/"},{"@type":"ListItem","position":2,"name":"Postes vacants"}]},{"@type":"WebSite","@id":"https:\/\/baeyens-bosteels.be\/#website","url":"https:\/\/baeyens-bosteels.be\/","name":"Baeyens Bosteels &amp; Dender","description":"","publisher":{"@id":"https:\/\/baeyens-bosteels.be\/#organization"},"potentialAction":[{"@type":"SearchAction","target":{"@type":"EntryPoint","urlTemplate":"https:\/\/baeyens-bosteels.be\/?s={search_term_string}"},"query-input":{"@type":"PropertyValueSpecification","valueRequired":true,"valueName":"search_term_string"}}],"inLanguage":"fr-FR"},{"@type":"Organization","@id":"https:\/\/baeyens-bosteels.be\/#organization","name":"Baeyens Bosteels &amp; Dender","url":"https:\/\/baeyens-bosteels.be\/","logo":{"@type":"ImageObject","inLanguage":"fr-FR","@id":"https:\/\/baeyens-bosteels.be\/#\/schema\/logo\/image\/","url":"https:\/\/bbdgroup.be\/wp-content\/uploads\/2022\/07\/BBD-Beeldmerk-RGB-Gold.svg","contentUrl":"https:\/\/bbdgroup.be\/wp-content\/uploads\/2022\/07\/BBD-Beeldmerk-RGB-Gold.svg","caption":"Baeyens Bosteels &amp; Dender"},"image":{"@id":"https:\/\/baeyens-bosteels.be\/#\/schema\/logo\/image\/"}}]}},"_links":{"self":[{"href":"https:\/\/bbdgroup.be\/fr\/wp-json\/wp\/v2\/pages\/955","targetHints":{"allow":["GET"]}}],"collection":[{"href":"https:\/\/bbdgroup.be\/fr\/wp-json\/wp\/v2\/pages"}],"about":[{"href":"https:\/\/bbdgroup.be\/fr\/wp-json\/wp\/v2\/types\/page"}],"author":[{"embeddable":true,"href":"https:\/\/bbdgroup.be\/fr\/wp-json\/wp\/v2\/users\/4"}],"replies":[{"embeddable":true,"href":"https:\/\/bbdgroup.be\/fr\/wp-json\/wp\/v2\/comments?post=955"}],"version-history":[{"count":4,"href":"https:\/\/bbdgroup.be\/fr\/wp-json\/wp\/v2\/pages\/955\/revisions"}],"predecessor-version":[{"id":1164,"href":"https:\/\/bbdgroup.be\/fr\/wp-json\/wp\/v2\/pages\/955\/revisions\/1164"}],"wp:featuredmedia":[{"embeddable":true,"href":"https:\/\/bbdgroup.be\/fr\/wp-json\/wp\/v2\/media\/956"}],"wp:attachment":[{"href":"https:\/\/bbdgroup.be\/fr\/wp-json\/wp\/v2\/media?parent=955"}],"curies":[{"name":"wp","href":"https:\/\/api.w.org\/{rel}","templated":true}]}}