{"id":953,"date":"2025-11-26T10:37:30","date_gmt":"2025-11-26T09:37:30","guid":{"rendered":"https:\/\/bbdgroup.be\/votre-certificat\/"},"modified":"2026-02-11T09:51:03","modified_gmt":"2026-02-11T08:51:03","slug":"votre-certificat","status":"publish","type":"page","link":"https:\/\/bbdgroup.be\/fr\/juste\/votre-certificat\/","title":{"rendered":"Votre attestation"},"content":{"rendered":"\t\t<div data-elementor-type=\"wp-page\" data-elementor-id=\"953\" class=\"elementor elementor-953 elementor-685\" data-elementor-post-type=\"page\">\n\t\t\t\t<div class=\"elementor-element elementor-element-3ac1b89 e-flex e-con-boxed e-con e-parent\" data-id=\"3ac1b89\" data-element_type=\"container\" data-e-type=\"container\" data-settings=\"{&quot;background_background&quot;:&quot;classic&quot;}\">\n\t\t\t\t\t<div class=\"e-con-inner\">\n\t\t\t\t<div class=\"elementor-element elementor-element-f73f6cf elementor-widget elementor-widget-heading\" data-id=\"f73f6cf\" data-element_type=\"widget\" data-e-type=\"widget\" data-widget_type=\"heading.default\">\n\t\t\t\t<div class=\"elementor-widget-container\">\n\t\t\t\t\t<h1 class=\"elementor-heading-title elementor-size-default\">Votre attestation<\/h1>\t\t\t\t<\/div>\n\t\t\t\t<\/div>\n\t\t\t\t\t<\/div>\n\t\t\t\t<\/div>\n\t\t<div class=\"elementor-element elementor-element-8d25f02 e-flex e-con-boxed e-con e-parent\" data-id=\"8d25f02\" data-element_type=\"container\" data-e-type=\"container\">\n\t\t\t\t\t<div class=\"e-con-inner\">\n\t\t<div class=\"elementor-element elementor-element-d539ac6 e-con-full e-flex e-con e-child\" data-id=\"d539ac6\" data-element_type=\"container\" data-e-type=\"container\" data-settings=\"{&quot;background_background&quot;:&quot;classic&quot;}\">\n\t\t\t\t<div class=\"elementor-element elementor-element-22b7f7c elementor-widget elementor-widget-image\" data-id=\"22b7f7c\" data-element_type=\"widget\" data-e-type=\"widget\" data-widget_type=\"image.default\">\n\t\t\t\t<div class=\"elementor-widget-container\">\n\t\t\t\t\t\t\t\t\t\t\t\t\t\t\t<img fetchpriority=\"high\" decoding=\"async\" width=\"1000\" height=\"560\" src=\"https:\/\/bbdgroup.be\/wp-content\/uploads\/2025\/11\/15622.webp\" class=\"attachment-full size-full wp-image-954\" alt=\"\" srcset=\"https:\/\/bbdgroup.be\/wp-content\/uploads\/2025\/11\/15622.webp 1000w, https:\/\/bbdgroup.be\/wp-content\/uploads\/2025\/11\/15622-300x168.webp 300w, https:\/\/bbdgroup.be\/wp-content\/uploads\/2025\/11\/15622-768x430.webp 768w, https:\/\/bbdgroup.be\/wp-content\/uploads\/2025\/11\/15622-625x351.webp 625w\" sizes=\"(max-width: 1000px) 100vw, 1000px\" \/>\t\t\t\t\t\t\t\t\t\t\t\t\t\t\t<\/div>\n\t\t\t\t<\/div>\n\t\t\t\t<\/div>\n\t\t<div class=\"elementor-element elementor-element-9eb8e78 e-con-full e-flex e-con e-child\" data-id=\"9eb8e78\" data-element_type=\"container\" data-e-type=\"container\">\n\t\t\t\t<div class=\"elementor-element elementor-element-5d4d0e2 elementor-widget__width-initial elementor-widget elementor-widget-text-editor\" data-id=\"5d4d0e2\" data-element_type=\"widget\" data-e-type=\"widget\" data-widget_type=\"text-editor.default\">\n\t\t\t\t<div class=\"elementor-widget-container\">\n\t\t\t\t\t\t\t\t\t<p class=\"p1\">Les villes et les communes veillent \u00e0 la s\u00e9curit\u00e9 de leurs habitants et \u00e0 la bonne r\u00e9putation du champ de foire. C&rsquo;est pourquoi la possession d&rsquo;une <b>assurance responsabilit\u00e9 civile et d&rsquo;une assurance incendie<\/b> valides est une condition pr\u00e9alable \u00e0 l&rsquo;obtention d&rsquo;un espace de stand. <\/p>\n<p class=\"p1\"><b>Acceptation en douceur gr\u00e2ce \u00e0 notre expertise<\/b><\/p>\n<p class=\"p1\">Lors de votre demande d&#8217;emplacement, vous devez toujours pr\u00e9senter un <b>certificat<\/b> comme preuve de couverture et de paiement.<\/p>\n<p class=\"p1\">Notre soci\u00e9t\u00e9 est <b>connue<\/b> de la plupart des autorit\u00e9s locales <b>comme le sp\u00e9cialiste<\/b> des champs de foire. Gr\u00e2ce \u00e0 la fiabilit\u00e9 de nos conditions et de notre service, nos certificats sont <b>accept\u00e9s sans probl\u00e8me et rapidement<\/b> par les municipalit\u00e9s et les villes. <\/p>\n<p class=\"p1\">Nous sommes donc heureux de vous d\u00e9livrer ces certificats essentiels sur simple demande, et <b>d\u00e9sormais facilement en ligne.<\/b><\/p>\t\t\t\t\t\t\t\t<\/div>\n\t\t\t\t<\/div>\n\t\t\t\t<div class=\"elementor-element elementor-element-45b18d0 elementor-widget elementor-widget-button\" data-id=\"45b18d0\" data-element_type=\"widget\" data-e-type=\"widget\" data-widget_type=\"button.default\">\n\t\t\t\t<div class=\"elementor-widget-container\">\n\t\t\t\t\t\t\t\t\t<div class=\"elementor-button-wrapper\">\n\t\t\t\t\t<a class=\"elementor-button elementor-button-link elementor-size-sm\" href=\"https:\/\/bbdgroup.be\/fr\/attester\/\">\n\t\t\t\t\t\t<span class=\"elementor-button-content-wrapper\">\n\t\t\t\t\t\t<span class=\"elementor-button-icon\">\n\t\t\t\t<i aria-hidden=\"true\" class=\"fas fa-long-arrow-alt-right\"><\/i>\t\t\t<\/span>\n\t\t\t\t\t\t\t\t\t<span class=\"elementor-button-text\">Demandez votre attestation maintenant<\/span>\n\t\t\t\t\t<\/span>\n\t\t\t\t\t<\/a>\n\t\t\t\t<\/div>\n\t\t\t\t\t\t\t\t<\/div>\n\t\t\t\t<\/div>\n\t\t\t\t<\/div>\n\t\t\t\t\t<\/div>\n\t\t\t\t<\/div>\n\t\t\t\t<\/div>\n\t\t","protected":false},"excerpt":{"rendered":"<p>Votre attestation Les villes et les communes veillent \u00e0 la s\u00e9curit\u00e9 de leurs habitants et \u00e0 la bonne r\u00e9putation du champ de foire. C&rsquo;est pourquoi la possession d&rsquo;une assurance responsabilit\u00e9 civile et d&rsquo;une assurance incendie valides est une condition pr\u00e9alable \u00e0 l&rsquo;obtention d&rsquo;un espace de stand. Acceptation en douceur gr\u00e2ce \u00e0 notre expertise Lors de [&hellip;]<\/p>\n","protected":false},"author":4,"featured_media":954,"parent":1003,"menu_order":0,"comment_status":"closed","ping_status":"closed","template":"","meta":{"footnotes":""},"class_list":["post-953","page","type-page","status-publish","has-post-thumbnail","hentry"],"yoast_head":"<!-- This site is optimized with the Yoast SEO plugin v27.3 - https:\/\/yoast.com\/product\/yoast-seo-wordpress\/ -->\n<title>Attestation et preuve d&#039;assurance pour les f\u00eates foraines - Baeyens Bosteels &amp; Dender.<\/title>\n<meta name=\"description\" content=\"Certificats rapides et corrects pour les villes et les communes afin d&#039;exploiter officiellement votre attraction foraine.\" \/>\n<meta name=\"robots\" content=\"index, follow, max-snippet:-1, max-image-preview:large, max-video-preview:-1\" \/>\n<link rel=\"canonical\" href=\"https:\/\/bbdgroup.be\/fr\/juste\/votre-certificat\/\" \/>\n<meta property=\"og:locale\" content=\"fr_FR\" \/>\n<meta property=\"og:type\" content=\"article\" \/>\n<meta property=\"og:title\" content=\"Attestation et preuve d&#039;assurance pour les f\u00eates foraines - Baeyens Bosteels &amp; Dender.\" \/>\n<meta property=\"og:description\" content=\"Certificats rapides et corrects pour les villes et les communes afin d&#039;exploiter officiellement votre attraction foraine.\" \/>\n<meta property=\"og:url\" content=\"https:\/\/bbdgroup.be\/fr\/juste\/votre-certificat\/\" \/>\n<meta property=\"og:site_name\" content=\"Baeyens Bosteels &amp; Dender\" \/>\n<meta property=\"article:modified_time\" content=\"2026-02-11T08:51:03+00:00\" \/>\n<meta property=\"og:image\" content=\"https:\/\/bbdgroup.be\/wp-content\/uploads\/2025\/11\/15622.webp\" \/>\n\t<meta property=\"og:image:width\" content=\"1000\" \/>\n\t<meta property=\"og:image:height\" content=\"560\" \/>\n\t<meta property=\"og:image:type\" content=\"image\/webp\" \/>\n<meta name=\"twitter:card\" content=\"summary_large_image\" \/>\n<meta name=\"twitter:label1\" content=\"Dur\u00e9e de lecture estim\u00e9e\" \/>\n\t<meta name=\"twitter:data1\" content=\"1 minute\" \/>\n<script type=\"application\/ld+json\" class=\"yoast-schema-graph\">{\"@context\":\"https:\\\/\\\/schema.org\",\"@graph\":[{\"@type\":\"WebPage\",\"@id\":\"https:\\\/\\\/bbdgroup.be\\\/fr\\\/juste\\\/votre-certificat\\\/\",\"url\":\"https:\\\/\\\/bbdgroup.be\\\/fr\\\/juste\\\/votre-certificat\\\/\",\"name\":\"Attestation et preuve d'assurance pour les f\u00eates foraines - Baeyens Bosteels &amp; Dender.\",\"isPartOf\":{\"@id\":\"https:\\\/\\\/baeyens-bosteels.be\\\/#website\"},\"primaryImageOfPage\":{\"@id\":\"https:\\\/\\\/bbdgroup.be\\\/fr\\\/juste\\\/votre-certificat\\\/#primaryimage\"},\"image\":{\"@id\":\"https:\\\/\\\/bbdgroup.be\\\/fr\\\/juste\\\/votre-certificat\\\/#primaryimage\"},\"thumbnailUrl\":\"https:\\\/\\\/bbdgroup.be\\\/wp-content\\\/uploads\\\/2025\\\/11\\\/15622.webp\",\"datePublished\":\"2025-11-26T09:37:30+00:00\",\"dateModified\":\"2026-02-11T08:51:03+00:00\",\"description\":\"Certificats rapides et corrects pour les villes et les communes afin d'exploiter officiellement votre attraction foraine.\",\"breadcrumb\":{\"@id\":\"https:\\\/\\\/bbdgroup.be\\\/fr\\\/juste\\\/votre-certificat\\\/#breadcrumb\"},\"inLanguage\":\"fr-FR\",\"potentialAction\":[{\"@type\":\"ReadAction\",\"target\":[\"https:\\\/\\\/bbdgroup.be\\\/fr\\\/juste\\\/votre-certificat\\\/\"]}]},{\"@type\":\"ImageObject\",\"inLanguage\":\"fr-FR\",\"@id\":\"https:\\\/\\\/bbdgroup.be\\\/fr\\\/juste\\\/votre-certificat\\\/#primaryimage\",\"url\":\"https:\\\/\\\/bbdgroup.be\\\/wp-content\\\/uploads\\\/2025\\\/11\\\/15622.webp\",\"contentUrl\":\"https:\\\/\\\/bbdgroup.be\\\/wp-content\\\/uploads\\\/2025\\\/11\\\/15622.webp\",\"width\":1000,\"height\":560},{\"@type\":\"BreadcrumbList\",\"@id\":\"https:\\\/\\\/bbdgroup.be\\\/fr\\\/juste\\\/votre-certificat\\\/#breadcrumb\",\"itemListElement\":[{\"@type\":\"ListItem\",\"position\":1,\"name\":\"Accueil\",\"item\":\"https:\\\/\\\/bbdgroup.be\\\/fr\\\/\"},{\"@type\":\"ListItem\",\"position\":2,\"name\":\"Foire\",\"item\":\"https:\\\/\\\/bbdgroup.be\\\/fr\\\/kermis\\\/\"},{\"@type\":\"ListItem\",\"position\":3,\"name\":\"Votre attestation\"}]},{\"@type\":\"WebSite\",\"@id\":\"https:\\\/\\\/baeyens-bosteels.be\\\/#website\",\"url\":\"https:\\\/\\\/baeyens-bosteels.be\\\/\",\"name\":\"Baeyens Bosteels &amp; Dender\",\"description\":\"\",\"publisher\":{\"@id\":\"https:\\\/\\\/baeyens-bosteels.be\\\/#organization\"},\"potentialAction\":[{\"@type\":\"SearchAction\",\"target\":{\"@type\":\"EntryPoint\",\"urlTemplate\":\"https:\\\/\\\/baeyens-bosteels.be\\\/?s={search_term_string}\"},\"query-input\":{\"@type\":\"PropertyValueSpecification\",\"valueRequired\":true,\"valueName\":\"search_term_string\"}}],\"inLanguage\":\"fr-FR\"},{\"@type\":\"Organization\",\"@id\":\"https:\\\/\\\/baeyens-bosteels.be\\\/#organization\",\"name\":\"Baeyens Bosteels &amp; Dender\",\"url\":\"https:\\\/\\\/baeyens-bosteels.be\\\/\",\"logo\":{\"@type\":\"ImageObject\",\"inLanguage\":\"fr-FR\",\"@id\":\"https:\\\/\\\/baeyens-bosteels.be\\\/#\\\/schema\\\/logo\\\/image\\\/\",\"url\":\"https:\\\/\\\/bbdgroup.be\\\/wp-content\\\/uploads\\\/2022\\\/07\\\/BBD-Beeldmerk-RGB-Gold.svg\",\"contentUrl\":\"https:\\\/\\\/bbdgroup.be\\\/wp-content\\\/uploads\\\/2022\\\/07\\\/BBD-Beeldmerk-RGB-Gold.svg\",\"caption\":\"Baeyens Bosteels &amp; Dender\"},\"image\":{\"@id\":\"https:\\\/\\\/baeyens-bosteels.be\\\/#\\\/schema\\\/logo\\\/image\\\/\"}}]}<\/script>\n<!-- \/ Yoast SEO plugin. -->","yoast_head_json":{"title":"Attestation et preuve d'assurance pour les f\u00eates foraines - Baeyens Bosteels &amp; Dender.","description":"Certificats rapides et corrects pour les villes et les communes afin d'exploiter officiellement votre attraction foraine.","robots":{"index":"index","follow":"follow","max-snippet":"max-snippet:-1","max-image-preview":"max-image-preview:large","max-video-preview":"max-video-preview:-1"},"canonical":"https:\/\/bbdgroup.be\/fr\/juste\/votre-certificat\/","og_locale":"fr_FR","og_type":"article","og_title":"Attestation et preuve d'assurance pour les f\u00eates foraines - Baeyens Bosteels &amp; Dender.","og_description":"Certificats rapides et corrects pour les villes et les communes afin d'exploiter officiellement votre attraction foraine.","og_url":"https:\/\/bbdgroup.be\/fr\/juste\/votre-certificat\/","og_site_name":"Baeyens Bosteels &amp; Dender","article_modified_time":"2026-02-11T08:51:03+00:00","og_image":[{"width":1000,"height":560,"url":"https:\/\/bbdgroup.be\/wp-content\/uploads\/2025\/11\/15622.webp","type":"image\/webp"}],"twitter_card":"summary_large_image","twitter_misc":{"Dur\u00e9e de lecture estim\u00e9e":"1 minute"},"schema":{"@context":"https:\/\/schema.org","@graph":[{"@type":"WebPage","@id":"https:\/\/bbdgroup.be\/fr\/juste\/votre-certificat\/","url":"https:\/\/bbdgroup.be\/fr\/juste\/votre-certificat\/","name":"Attestation et preuve d'assurance pour les f\u00eates foraines - Baeyens Bosteels &amp; Dender.","isPartOf":{"@id":"https:\/\/baeyens-bosteels.be\/#website"},"primaryImageOfPage":{"@id":"https:\/\/bbdgroup.be\/fr\/juste\/votre-certificat\/#primaryimage"},"image":{"@id":"https:\/\/bbdgroup.be\/fr\/juste\/votre-certificat\/#primaryimage"},"thumbnailUrl":"https:\/\/bbdgroup.be\/wp-content\/uploads\/2025\/11\/15622.webp","datePublished":"2025-11-26T09:37:30+00:00","dateModified":"2026-02-11T08:51:03+00:00","description":"Certificats rapides et corrects pour les villes et les communes afin d'exploiter officiellement votre attraction foraine.","breadcrumb":{"@id":"https:\/\/bbdgroup.be\/fr\/juste\/votre-certificat\/#breadcrumb"},"inLanguage":"fr-FR","potentialAction":[{"@type":"ReadAction","target":["https:\/\/bbdgroup.be\/fr\/juste\/votre-certificat\/"]}]},{"@type":"ImageObject","inLanguage":"fr-FR","@id":"https:\/\/bbdgroup.be\/fr\/juste\/votre-certificat\/#primaryimage","url":"https:\/\/bbdgroup.be\/wp-content\/uploads\/2025\/11\/15622.webp","contentUrl":"https:\/\/bbdgroup.be\/wp-content\/uploads\/2025\/11\/15622.webp","width":1000,"height":560},{"@type":"BreadcrumbList","@id":"https:\/\/bbdgroup.be\/fr\/juste\/votre-certificat\/#breadcrumb","itemListElement":[{"@type":"ListItem","position":1,"name":"Accueil","item":"https:\/\/bbdgroup.be\/fr\/"},{"@type":"ListItem","position":2,"name":"Foire","item":"https:\/\/bbdgroup.be\/fr\/kermis\/"},{"@type":"ListItem","position":3,"name":"Votre attestation"}]},{"@type":"WebSite","@id":"https:\/\/baeyens-bosteels.be\/#website","url":"https:\/\/baeyens-bosteels.be\/","name":"Baeyens Bosteels &amp; Dender","description":"","publisher":{"@id":"https:\/\/baeyens-bosteels.be\/#organization"},"potentialAction":[{"@type":"SearchAction","target":{"@type":"EntryPoint","urlTemplate":"https:\/\/baeyens-bosteels.be\/?s={search_term_string}"},"query-input":{"@type":"PropertyValueSpecification","valueRequired":true,"valueName":"search_term_string"}}],"inLanguage":"fr-FR"},{"@type":"Organization","@id":"https:\/\/baeyens-bosteels.be\/#organization","name":"Baeyens Bosteels &amp; Dender","url":"https:\/\/baeyens-bosteels.be\/","logo":{"@type":"ImageObject","inLanguage":"fr-FR","@id":"https:\/\/baeyens-bosteels.be\/#\/schema\/logo\/image\/","url":"https:\/\/bbdgroup.be\/wp-content\/uploads\/2022\/07\/BBD-Beeldmerk-RGB-Gold.svg","contentUrl":"https:\/\/bbdgroup.be\/wp-content\/uploads\/2022\/07\/BBD-Beeldmerk-RGB-Gold.svg","caption":"Baeyens Bosteels &amp; Dender"},"image":{"@id":"https:\/\/baeyens-bosteels.be\/#\/schema\/logo\/image\/"}}]}},"_links":{"self":[{"href":"https:\/\/bbdgroup.be\/fr\/wp-json\/wp\/v2\/pages\/953","targetHints":{"allow":["GET"]}}],"collection":[{"href":"https:\/\/bbdgroup.be\/fr\/wp-json\/wp\/v2\/pages"}],"about":[{"href":"https:\/\/bbdgroup.be\/fr\/wp-json\/wp\/v2\/types\/page"}],"author":[{"embeddable":true,"href":"https:\/\/bbdgroup.be\/fr\/wp-json\/wp\/v2\/users\/4"}],"replies":[{"embeddable":true,"href":"https:\/\/bbdgroup.be\/fr\/wp-json\/wp\/v2\/comments?post=953"}],"version-history":[{"count":7,"href":"https:\/\/bbdgroup.be\/fr\/wp-json\/wp\/v2\/pages\/953\/revisions"}],"predecessor-version":[{"id":1459,"href":"https:\/\/bbdgroup.be\/fr\/wp-json\/wp\/v2\/pages\/953\/revisions\/1459"}],"up":[{"embeddable":true,"href":"https:\/\/bbdgroup.be\/fr\/wp-json\/wp\/v2\/pages\/1003"}],"wp:featuredmedia":[{"embeddable":true,"href":"https:\/\/bbdgroup.be\/fr\/wp-json\/wp\/v2\/media\/954"}],"wp:attachment":[{"href":"https:\/\/bbdgroup.be\/fr\/wp-json\/wp\/v2\/media?parent=953"}],"curies":[{"name":"wp","href":"https:\/\/api.w.org\/{rel}","templated":true}]}}